{"id":8593,"date":"2019-10-01T14:06:35","date_gmt":"2019-10-01T12:06:35","guid":{"rendered":"http:\/\/www.sabesa.ch\/?page_id=8593"},"modified":"2022-10-03T14:56:16","modified_gmt":"2022-10-03T12:56:16","slug":"taetigkeit-ihr-partner-all-inclusive","status":"publish","type":"page","link":"https:\/\/www.sabesa.ch\/de\/taetigkeit-ihr-partner-all-inclusive\/","title":{"rendered":"Taetigkeit"},"content":{"rendered":"[mk_page_section bg_image=&#8220;http:\/\/wordpress.p379882.webspaceconfig.de\/wp-content\/uploads\/2016\/11\/testata-attivita.jpg&#8220; bg_color=&#8220;#1c1c1f&#8220; bg_position=&#8220;center center&#8220; bg_repeat=&#8220;no-repeat&#8220; bg_stretch=&#8220;true&#8220; enable_3d=&#8220;true&#8220; video_color_mask=&#8220;#000000&#8243; min_height=&#8220;500&#8243; js_vertical_centered=&#8220;true&#8220; sidebar=&#8220;sidebar-1&#8243;][vc_column][mk_fancy_title color=&#8220;#ffffff&#8220; size=&#8220;78&#8243; force_font_size=&#8220;true&#8220; size_tablet=&#8220;50&#8243; font_weight=&#8220;bold&#8220; txt_transform=&#8220;uppercase&#8220; letter_spacing=&#8220;10&#8243; margin_bottom=&#8220;0&#8243; font_family=&#8220;none&#8220; align=&#8220;center&#8220;]T\u00e4tigkeit[\/mk_fancy_title][\/vc_column][\/mk_page_section][vc_row][vc_column][mk_padding_divider size=&#8220;60&#8243; visibility=&#8220;visible-sm&#8220;][mk_padding_divider size=&#8220;150&#8243; visibility=&#8220;hidden-sm&#8220;][mk_fancy_title color=&#8220;#101010&#8243; size=&#8220;54&#8243; force_font_size=&#8220;true&#8220; size_tablet=&#8220;50&#8243; size_phone=&#8220;30&#8243; font_weight=&#8220;bold&#8220; txt_transform=&#8220;capitalize&#8220; margin_bottom=&#8220;0&#8243; font_family=&#8220;none&#8220; align=&#8220;center&#8220;]Ihr Partner&#8230; all inclusive[\/mk_fancy_title][mk_padding_divider size=&#8220;60&#8243;][vc_row_inner][vc_column_inner width=&#8220;1\/3&#8243;][vc_column_text disable_pattern=&#8220;false&#8220;]Wir sind schon immer Ihr Partner in allen Bau- und Industriesektoren. Wir bieten umfassende Beratungsdienstleistungen und begleiten Sie bei der Planung und Realisierung der besten L\u00f6sungen f\u00fcr alle Ihre Bed\u00fcrfnisse.[\/vc_column_text][\/vc_column_inner][vc_column_inner width=&#8220;1\/3&#8243;][mk_custom_list]\n<ul>\n<li>Vermietung von Kranwagen<\/li>\n<li>Sondertransporte<\/li>\n<li>Errichtung von vorgefertigten Industriegeb\u00e4uden<\/li>\n<li>Vermietung von Arbeitsb\u00fchnen<\/li>\n<li>Umstellung von Industriemaschinen<\/li>\n<\/ul>\n[\/mk_custom_list][\/vc_column_inner][vc_column_inner width=&#8220;1\/3&#8243;][mk_custom_list]\n<ul>\n<li>Sondergenehmigungen<\/li>\n<li>Begleitungsdienstleistungen<\/li>\n<li>Projektplanung<\/li>\n<li>Pr\u00fcfung der Strecken<\/li>\n<li>Logistik- und Lagerdienstleistung<\/li>\n<\/ul>\n[\/mk_custom_list][\/vc_column_inner][\/vc_row_inner][mk_padding_divider size=&#8220;60&#8243; visibility=&#8220;visible-sm&#8220;][mk_padding_divider size=&#8220;150&#8243; visibility=&#8220;hidden-sm&#8220;][\/vc_column][\/vc_row][vc_row fullwidth=&#8220;true&#8220; fullwidth_content=&#8220;false&#8220; css=&#8220;.vc_custom_1478095203556{background-color: #eeeeee !important;}&#8220;][vc_column][mk_padding_divider size=&#8220;150&#8243; visibility=&#8220;hidden-sm&#8220;][mk_padding_divider size=&#8220;60&#8243; visibility=&#8220;visible-sm&#8220;][mk_fancy_title color=&#8220;#101010&#8243; size=&#8220;54&#8243; force_font_size=&#8220;true&#8220; size_tablet=&#8220;50&#8243; size_phone=&#8220;30&#8243; font_weight=&#8220;bold&#8220; font_family=&#8220;none&#8220; align=&#8220;center&#8220;]Unabh\u00e4ngig von Ihrer Anfrage haben wir bereits die Antwort.[\/mk_fancy_title][mk_padding_divider size=&#8220;60&#8243;][vc_row_inner][vc_column_inner width=&#8220;1\/3&#8243;][mk_custom_box padding_vertical=&#8220;20&#8243; margin_bottom=&#8220;30&#8243; animation=&#8220;flip-x&#8220; bg_color=&#8220;#ffffff&#8220; background_hov_color_style=&#8220;image&#8220; bg_image_hov_effect=&#8220;grayscale&#8220;][mk_image src=&#8220;http:\/\/wordpress.p379882.webspaceconfig.de\/wp-content\/uploads\/2016\/11\/box-sollevamenti.jpg&#8220; image_size=&#8220;full&#8220; align=&#8220;center&#8220; margin_bottom=&#8220;0&#8243;][mk_fancy_title color=&#8220;#222222&#8243; size=&#8220;20&#8243; font_weight=&#8220;400&#8243; txt_transform=&#8220;capitalize&#8220; margin_top=&#8220;20&#8243; margin_bottom=&#8220;0&#8243; font_family=&#8220;none&#8220; align=&#8220;center&#8220;]Hebearbeiten[\/mk_fancy_title][vc_column_text]Von einfachen Hebearbeiten bis zu den komplexesten T\u00e4tigkeiten.[\/vc_column_text][mk_button dimension=&#8220;flat&#8220; corner_style=&#8220;rounded&#8220; size=&#8220;medium&#8220; url=&#8220;\/de\/taetigkeit\/hebearbeiten&#8220; align=&#8220;center&#8220; bg_color=&#8220;#fbcf00&#8243; btn_hover_bg=&#8220;#101010&#8243; text_color=&#8220;dark&#8220; btn_hover_txt_color=&#8220;#fbcf00&#8243;]Details[\/mk_button][\/mk_custom_box][\/vc_column_inner][vc_column_inner width=&#8220;1\/3&#8243;][mk_custom_box padding_vertical=&#8220;20&#8243; margin_bottom=&#8220;30&#8243; animation=&#8220;flip-x&#8220; bg_color=&#8220;#ffffff&#8220; background_hov_color_style=&#8220;image&#8220; bg_image_hov_effect=&#8220;grayscale&#8220;][mk_image src=&#8220;http:\/\/wordpress.p379882.webspaceconfig.de\/wp-content\/uploads\/2016\/11\/box-trasporti.jpg&#8220; image_size=&#8220;full&#8220; align=&#8220;center&#8220; margin_bottom=&#8220;0&#8243;][mk_fancy_title color=&#8220;#222222&#8243; size=&#8220;20&#8243; font_weight=&#8220;400&#8243; txt_transform=&#8220;capitalize&#8220; margin_top=&#8220;20&#8243; margin_bottom=&#8220;0&#8243; font_family=&#8220;none&#8220; align=&#8220;center&#8220;]Transporte[\/mk_fancy_title][vc_column_text]Wir f\u00fchren den Transport von Gegenst\u00e4nden mit beliebiger Gr\u00f6sse und beliebigem Gewicht durch.[\/vc_column_text][mk_button dimension=&#8220;flat&#8220; corner_style=&#8220;rounded&#8220; size=&#8220;medium&#8220; url=&#8220;\/de\/taetigkeit\/transporte&#8220; align=&#8220;center&#8220; bg_color=&#8220;#fbcf00&#8243; btn_hover_bg=&#8220;#101010&#8243; text_color=&#8220;dark&#8220; btn_hover_txt_color=&#8220;#fbcf00&#8243;]Details[\/mk_button][\/mk_custom_box][\/vc_column_inner][vc_column_inner width=&#8220;1\/3&#8243;][mk_custom_box padding_vertical=&#8220;20&#8243; margin_bottom=&#8220;30&#8243; animation=&#8220;flip-x&#8220; bg_color=&#8220;#ffffff&#8220; background_hov_color_style=&#8220;image&#8220; bg_image_hov_effect=&#8220;grayscale&#8220;][mk_image src=&#8220;http:\/\/wordpress.p379882.webspaceconfig.de\/wp-content\/uploads\/2016\/11\/box-montaggio-prefabbricati.jpg&#8220; image_size=&#8220;full&#8220; align=&#8220;center&#8220; margin_bottom=&#8220;0&#8243;][mk_fancy_title color=&#8220;#222222&#8243; size=&#8220;20&#8243; font_weight=&#8220;400&#8243; margin_top=&#8220;20&#8243; margin_bottom=&#8220;0&#8243; font_family=&#8220;none&#8220; align=&#8220;center&#8220;]Errichtung von Fertiggeb\u00e4uden[\/mk_fancy_title][vc_column_text]Wir sind f\u00fchrend im Bereich der Errichtung von Fertiggeb\u00e4uden.[\/vc_column_text][mk_button dimension=&#8220;flat&#8220; corner_style=&#8220;rounded&#8220; size=&#8220;medium&#8220; url=&#8220;\/de\/taetigkeit\/errichtung-von-fertiggebaeuden&#8220; align=&#8220;center&#8220; bg_color=&#8220;#fbcf00&#8243; btn_hover_bg=&#8220;#101010&#8243; text_color=&#8220;dark&#8220; btn_hover_txt_color=&#8220;#fbcf00&#8243;]Details[\/mk_button][\/mk_custom_box][\/vc_column_inner][\/vc_row_inner][vc_row_inner][vc_column_inner width=&#8220;1\/3&#8243;][mk_custom_box padding_vertical=&#8220;20&#8243; margin_bottom=&#8220;30&#8243; animation=&#8220;flip-x&#8220; bg_color=&#8220;#ffffff&#8220; background_hov_color_style=&#8220;image&#8220; bg_image_hov_effect=&#8220;grayscale&#8220;][mk_image src=&#8220;http:\/\/wordpress.p379882.webspaceconfig.de\/wp-content\/uploads\/2016\/11\/box-navicelle-1.jpg&#8220; image_size=&#8220;full&#8220; align=&#8220;center&#8220; margin_bottom=&#8220;0&#8243;][mk_fancy_title color=&#8220;#222222&#8243; size=&#8220;20&#8243; font_weight=&#8220;400&#8243; margin_top=&#8220;20&#8243; margin_bottom=&#8220;0&#8243; font_family=&#8220;none&#8220; align=&#8220;center&#8220;]Vermietung von Arbeitsb\u00fchnen[\/mk_fancy_title][vc_column_text]Wir verf\u00fcgen \u00fcber verschiedene Arten, die sowohl elektrisch als auch mit Dieselkraftstoff betrieben werden.[\/vc_column_text][mk_button dimension=&#8220;flat&#8220; corner_style=&#8220;rounded&#8220; size=&#8220;medium&#8220; url=&#8220;\/de\/taetigkeit\/vermietung-von-arbeitsbuehnen&#8220; align=&#8220;center&#8220; bg_color=&#8220;#fbcf00&#8243; btn_hover_bg=&#8220;#101010&#8243; text_color=&#8220;dark&#8220; btn_hover_txt_color=&#8220;#fbcf00&#8243;]Details[\/mk_button][\/mk_custom_box][\/vc_column_inner][vc_column_inner width=&#8220;1\/3&#8243;][mk_custom_box padding_vertical=&#8220;20&#8243; margin_bottom=&#8220;30&#8243; animation=&#8220;flip-x&#8220; bg_color=&#8220;#ffffff&#8220; background_hov_color_style=&#8220;image&#8220; bg_image_hov_effect=&#8220;grayscale&#8220;][mk_image src=&#8220;http:\/\/wordpress.p379882.webspaceconfig.de\/wp-content\/uploads\/2016\/11\/box-spostamento.jpg&#8220; image_size=&#8220;full&#8220; align=&#8220;center&#8220; margin_bottom=&#8220;0&#8243;][mk_fancy_title color=&#8220;#222222&#8243; size=&#8220;20&#8243; font_weight=&#8220;400&#8243; margin_top=&#8220;20&#8243; margin_bottom=&#8220;0&#8243; font_family=&#8220;none&#8220; align=&#8220;center&#8220;]Umstellung von Maschinen[\/mk_fancy_title][vc_column_text]Wir stellen sowohl im Innenbereich als auch im Aussenbereich Maschinen um, unabh\u00e4ngig von deren Gr\u00f6sse und Gewicht.[\/vc_column_text][mk_button dimension=&#8220;flat&#8220; corner_style=&#8220;rounded&#8220; size=&#8220;medium&#8220; url=&#8220;\/de\/taetigkeit\/umstellung-von-maschinen&#8220; align=&#8220;center&#8220; bg_color=&#8220;#fbcf00&#8243; btn_hover_bg=&#8220;#101010&#8243; text_color=&#8220;dark&#8220; btn_hover_txt_color=&#8220;#fbcf00&#8243;]Details[\/mk_button][\/mk_custom_box][\/vc_column_inner][vc_column_inner width=&#8220;1\/3&#8243;][mk_custom_box padding_vertical=&#8220;20&#8243; margin_bottom=&#8220;30&#8243; animation=&#8220;flip-x&#8220; bg_color=&#8220;#ffffff&#8220; background_hov_color_style=&#8220;image&#8220; bg_image_hov_effect=&#8220;grayscale&#8220;][mk_image src=&#8220;http:\/\/wordpress.p379882.webspaceconfig.de\/wp-content\/uploads\/2016\/11\/box-scorta-tecnica.jpg&#8220; image_size=&#8220;full&#8220; align=&#8220;center&#8220; margin_bottom=&#8220;0&#8243;][mk_fancy_title color=&#8220;#222222&#8243; size=&#8220;20&#8243; font_weight=&#8220;400&#8243; margin_top=&#8220;20&#8243; margin_bottom=&#8220;0&#8243; font_family=&#8220;none&#8220; align=&#8220;center&#8220;]Technische Begleitung und Genehmigungen[\/mk_fancy_title][vc_column_text]Wir beantragen Genehmigungen und Sondergenehmigungen und stellen eine technische Begleitung zur Verf\u00fcgung.[\/vc_column_text][mk_button dimension=&#8220;flat&#8220; corner_style=&#8220;rounded&#8220; size=&#8220;medium&#8220; url=&#8220;\/de\/taetigkeit\/technische-begleitung-und-genehmigungen&#8220; align=&#8220;center&#8220; bg_color=&#8220;#fbcf00&#8243; btn_hover_bg=&#8220;#101010&#8243; text_color=&#8220;dark&#8220; btn_hover_txt_color=&#8220;#fbcf00&#8243;]Details[\/mk_button][\/mk_custom_box][\/vc_column_inner][\/vc_row_inner][vc_row_inner][vc_column_inner width=&#8220;1\/3&#8243;][mk_custom_box padding_vertical=&#8220;20&#8243; margin_bottom=&#8220;30&#8243; animation=&#8220;flip-x&#8220; bg_color=&#8220;#ffffff&#8220; background_hov_color_style=&#8220;image&#8220; bg_image_hov_effect=&#8220;grayscale&#8220;][mk_image src=&#8220;http:\/\/wordpress.p379882.webspaceconfig.de\/wp-content\/uploads\/2016\/11\/box-logistica.jpg&#8220; image_size=&#8220;full&#8220; align=&#8220;center&#8220; margin_bottom=&#8220;0&#8243;][mk_fancy_title color=&#8220;#222222&#8243; size=&#8220;20&#8243; font_weight=&#8220;400&#8243; margin_top=&#8220;20&#8243; margin_bottom=&#8220;0&#8243; font_family=&#8220;none&#8220; align=&#8220;center&#8220;]Logistik und Lagerung[\/mk_fancy_title][vc_column_text]Wir verf\u00fcgen \u00fcber Lagerh\u00e4user, die f\u00fcr die Lagerung verschiedener Arten von Materialien bestimmt sind.[\/vc_column_text][mk_button dimension=&#8220;flat&#8220; corner_style=&#8220;rounded&#8220; size=&#8220;medium&#8220; url=&#8220;\/de\/taetigkeit\/logistik-und-lagerung&#8220; align=&#8220;center&#8220; bg_color=&#8220;#fbcf00&#8243; btn_hover_bg=&#8220;#101010&#8243; text_color=&#8220;dark&#8220; btn_hover_txt_color=&#8220;#fbcf00&#8243;]Details[\/mk_button][\/mk_custom_box][\/vc_column_inner][vc_column_inner width=&#8220;1\/3&#8243;][\/vc_column_inner][vc_column_inner width=&#8220;1\/3&#8243;][\/vc_column_inner][\/vc_row_inner][mk_padding_divider size=&#8220;80&#8243; visibility=&#8220;hidden-sm&#8220;][mk_padding_divider size=&#8220;60&#8243; visibility=&#8220;visible-sm&#8220;][mk_padding_divider size=&#8220;150&#8243; visibility=&#8220;hidden-sm&#8220;][\/vc_column][\/vc_row][mk_page_section bg_color=&#8220;#101010&#8243; has_top_shape_divider=&#8220;true&#8220; top_shape_size=&#8220;small&#8220; top_shape_color=&#8220;#eeeeee&#8220; top_shape_bg_color=&#8220;#101010&#8243; bottom_shape_color=&#8220;#ffffff&#8220; sidebar=&#8220;sidebar-1&#8243;][vc_column][mk_padding_divider size=&#8220;60&#8243; visibility=&#8220;visible-sm&#8220;][mk_padding_divider size=&#8220;60&#8243; visibility=&#8220;hidden-sm&#8220;][mk_fancy_title color=&#8220;#fbcf00&#8243; size=&#8220;54&#8243; force_font_size=&#8220;true&#8220; size_tablet=&#8220;50&#8243; size_phone=&#8220;30&#8243; font_weight=&#8220;bold&#8220; margin_bottom=&#8220;0&#8243; font_family=&#8220;none&#8220; align=&#8220;center&#8220;]Vermietung von Fahrzeugen[\/mk_fancy_title][mk_fancy_title color=&#8220;#fbcf00&#8243; size=&#8220;20&#8243; font_family=&#8220;none&#8220; align=&#8220;center&#8220;]Was ben\u00f6tigen Sie? Fordern Sie einen Kostenvoranschlag f\u00fcr die Vermietung an.[\/mk_fancy_title][mk_button dimension=&#8220;outline&#8220; corner_style=&#8220;rounded&#8220; size=&#8220;large&#8220; url=&#8220;\/de\/kontakte\/#contatti&#8220; align=&#8220;center&#8220; margin_top=&#8220;15&#8243; margin_right=&#8220;0&#8243; outline_skin=&#8220;custom&#8220; outline_active_color=&#8220;#fbcf00&#8243; outline_active_text_color=&#8220;#fbcf00&#8243; outline_hover_color=&#8220;#101010&#8243;]Fordern Sie Informationen an.[\/mk_button][mk_padding_divider size=&#8220;150&#8243; visibility=&#8220;hidden-sm&#8220;][vc_column_text][\/vc_column_text][\/vc_column][\/mk_page_section]\n","protected":false},"excerpt":{"rendered":"<p>[mk_page_section bg_image=&#8220;http:\/\/wordpress.p379882.webspaceconfig.de\/wp-content\/uploads\/2016\/11\/testata-attivita.jpg&#8220; bg_color=&#8220;#1c1c1f&#8220; bg_position=&#8220;center center&#8220; bg_repeat=&#8220;no-repeat&#8220; bg_stretch=&#8220;true&#8220; enable_3d=&#8220;true&#8220; video_color_mask=&#8220;#000000&#8243; min_height=&#8220;500&#8243; js_vertical_centered=&#8220;true&#8220; sidebar=&#8220;sidebar-1&#8243;][vc_column][mk_fancy_title color=&#8220;#ffffff&#8220; size=&#8220;78&#8243; force_font_size=&#8220;true&#8220; size_tablet=&#8220;50&#8243; font_weight=&#8220;bold&#8220; txt_transform=&#8220;uppercase&#8220; letter_spacing=&#8220;10&#8243; margin_bottom=&#8220;0&#8243; font_family=&#8220;none&#8220; align=&#8220;center&#8220;]T\u00e4tigkeit[\/mk_fancy_title][\/vc_column][\/mk_page_section][vc_row][vc_column][mk_padding_divider size=&#8220;60&#8243; visibility=&#8220;visible-sm&#8220;][mk_padding_divider size=&#8220;150&#8243; visibility=&#8220;hidden-sm&#8220;][mk_fancy_title color=&#8220;#101010&#8243; size=&#8220;54&#8243; force_font_size=&#8220;true&#8220; size_tablet=&#8220;50&#8243; size_phone=&#8220;30&#8243; font_weight=&#8220;bold&#8220; txt_transform=&#8220;capitalize&#8220; margin_bottom=&#8220;0&#8243; font_family=&#8220;none&#8220; align=&#8220;center&#8220;]Ihr Partner&#8230; all inclusive[\/mk_fancy_title][mk_padding_divider size=&#8220;60&#8243;][vc_row_inner][vc_column_inner width=&#8220;1\/3&#8243;][vc_column_text disable_pattern=&#8220;false&#8220;]Wir sind schon immer Ihr Partner in allen Bau- und Industriesektoren. Wir bieten umfassende [&hellip;]<\/p>\n","protected":false},"author":1,"featured_media":0,"parent":0,"menu_order":0,"comment_status":"closed","ping_status":"closed","template":"","meta":[],"yoast_head":"<!-- This site is optimized with the Yoast SEO plugin v19.9 - https:\/\/yoast.com\/wordpress\/plugins\/seo\/ -->\n<title>Taetigkeit | Sabesa SA | Partner All Inclusive<\/title>\n<meta name=\"description\" content=\"Wir sind schon immer Ihr Partner in allen Bau- und Industriesektoren. Wir bieten umfassende Beratungsdienstleistungen und begleiten Sie bei der Planung und Realisierung der besten L\u00f6sungen f\u00fcr alle Ihre Bed\u00fcrfnisse.\" \/>\n<meta name=\"robots\" content=\"index, follow, max-snippet:-1, max-image-preview:large, max-video-preview:-1\" \/>\n<link rel=\"canonical\" href=\"https:\/\/www.sabesa.ch\/de\/taetigkeit-ihr-partner-all-inclusive\/\" \/>\n<meta property=\"og:locale\" content=\"de_DE\" \/>\n<meta property=\"og:type\" content=\"article\" \/>\n<meta property=\"og:title\" content=\"Taetigkeit | Sabesa SA | Partner All Inclusive\" \/>\n<meta property=\"og:description\" content=\"Wir sind schon immer Ihr Partner in allen Bau- und Industriesektoren. Wir bieten umfassende Beratungsdienstleistungen und begleiten Sie bei der Planung und Realisierung der besten L\u00f6sungen f\u00fcr alle Ihre Bed\u00fcrfnisse.\" \/>\n<meta property=\"og:url\" content=\"https:\/\/www.sabesa.ch\/de\/taetigkeit-ihr-partner-all-inclusive\/\" \/>\n<meta property=\"og:site_name\" content=\"Sabesa SA\" \/>\n<meta property=\"article:publisher\" content=\"https:\/\/www.facebook.com\/sabesa.SA\/?fref=ts\" \/>\n<meta property=\"article:modified_time\" content=\"2022-10-03T12:56:16+00:00\" \/>\n<meta name=\"twitter:card\" content=\"summary_large_image\" \/>\n<meta name=\"twitter:label1\" content=\"Gesch\u00e4tzte Lesezeit\" \/>\n\t<meta name=\"twitter:data1\" content=\"3\u00a0Minuten\" \/>\n<script type=\"application\/ld+json\" class=\"yoast-schema-graph\">{\"@context\":\"https:\/\/schema.org\",\"@graph\":[{\"@type\":\"WebPage\",\"@id\":\"https:\/\/www.sabesa.ch\/de\/taetigkeit-ihr-partner-all-inclusive\/\",\"url\":\"https:\/\/www.sabesa.ch\/de\/taetigkeit-ihr-partner-all-inclusive\/\",\"name\":\"Taetigkeit | Sabesa SA | Partner All Inclusive\",\"isPartOf\":{\"@id\":\"https:\/\/www.sabesa.ch\/#website\"},\"datePublished\":\"2019-10-01T12:06:35+00:00\",\"dateModified\":\"2022-10-03T12:56:16+00:00\",\"description\":\"Wir sind schon immer Ihr Partner in allen Bau- und Industriesektoren. Wir bieten umfassende Beratungsdienstleistungen und begleiten Sie bei der Planung und Realisierung der besten L\u00f6sungen f\u00fcr alle Ihre Bed\u00fcrfnisse.\",\"breadcrumb\":{\"@id\":\"https:\/\/www.sabesa.ch\/de\/taetigkeit-ihr-partner-all-inclusive\/#breadcrumb\"},\"inLanguage\":\"de\",\"potentialAction\":[{\"@type\":\"ReadAction\",\"target\":[\"https:\/\/www.sabesa.ch\/de\/taetigkeit-ihr-partner-all-inclusive\/\"]}]},{\"@type\":\"BreadcrumbList\",\"@id\":\"https:\/\/www.sabesa.ch\/de\/taetigkeit-ihr-partner-all-inclusive\/#breadcrumb\",\"itemListElement\":[{\"@type\":\"ListItem\",\"position\":1,\"name\":\"Home\",\"item\":\"https:\/\/www.sabesa.ch\/de\/\"},{\"@type\":\"ListItem\",\"position\":2,\"name\":\"Taetigkeit\"}]},{\"@type\":\"WebSite\",\"@id\":\"https:\/\/www.sabesa.ch\/#website\",\"url\":\"https:\/\/www.sabesa.ch\/\",\"name\":\"Sabesa SA\",\"description\":\"Trasportiamo soluzioni - trasporti eccezionali Ticino\",\"publisher\":{\"@id\":\"https:\/\/www.sabesa.ch\/#organization\"},\"potentialAction\":[{\"@type\":\"SearchAction\",\"target\":{\"@type\":\"EntryPoint\",\"urlTemplate\":\"https:\/\/www.sabesa.ch\/?s={search_term_string}\"},\"query-input\":\"required name=search_term_string\"}],\"inLanguage\":\"de\"},{\"@type\":\"Organization\",\"@id\":\"https:\/\/www.sabesa.ch\/#organization\",\"name\":\"Sabesa SA\",\"alternateName\":\"Trasporti eccezionali, noleggio autogru e navicelle\",\"url\":\"https:\/\/www.sabesa.ch\/\",\"logo\":{\"@type\":\"ImageObject\",\"inLanguage\":\"de\",\"@id\":\"https:\/\/www.sabesa.ch\/#\/schema\/logo\/image\/\",\"url\":\"https:\/\/www.sabesa.ch\/wp-content\/uploads\/2016\/10\/logo-sabesa-small.png\",\"contentUrl\":\"https:\/\/www.sabesa.ch\/wp-content\/uploads\/2016\/10\/logo-sabesa-small.png\",\"width\":137,\"height\":58,\"caption\":\"Sabesa SA\"},\"image\":{\"@id\":\"https:\/\/www.sabesa.ch\/#\/schema\/logo\/image\/\"},\"sameAs\":[\"https:\/\/www.youtube.com\/channel\/UCq9eXNGI3lx4qvs01rUZAwQ\",\"https:\/\/www.facebook.com\/sabesa.SA\/?fref=ts\"]}]}<\/script>\n<!-- \/ Yoast SEO plugin. -->","yoast_head_json":{"title":"Taetigkeit | Sabesa SA | Partner All Inclusive","description":"Wir sind schon immer Ihr Partner in allen Bau- und Industriesektoren. Wir bieten umfassende Beratungsdienstleistungen und begleiten Sie bei der Planung und Realisierung der besten L\u00f6sungen f\u00fcr alle Ihre Bed\u00fcrfnisse.","robots":{"index":"index","follow":"follow","max-snippet":"max-snippet:-1","max-image-preview":"max-image-preview:large","max-video-preview":"max-video-preview:-1"},"canonical":"https:\/\/www.sabesa.ch\/de\/taetigkeit-ihr-partner-all-inclusive\/","og_locale":"de_DE","og_type":"article","og_title":"Taetigkeit | Sabesa SA | Partner All Inclusive","og_description":"Wir sind schon immer Ihr Partner in allen Bau- und Industriesektoren. Wir bieten umfassende Beratungsdienstleistungen und begleiten Sie bei der Planung und Realisierung der besten L\u00f6sungen f\u00fcr alle Ihre Bed\u00fcrfnisse.","og_url":"https:\/\/www.sabesa.ch\/de\/taetigkeit-ihr-partner-all-inclusive\/","og_site_name":"Sabesa SA","article_publisher":"https:\/\/www.facebook.com\/sabesa.SA\/?fref=ts","article_modified_time":"2022-10-03T12:56:16+00:00","twitter_card":"summary_large_image","twitter_misc":{"Gesch\u00e4tzte Lesezeit":"3\u00a0Minuten"},"schema":{"@context":"https:\/\/schema.org","@graph":[{"@type":"WebPage","@id":"https:\/\/www.sabesa.ch\/de\/taetigkeit-ihr-partner-all-inclusive\/","url":"https:\/\/www.sabesa.ch\/de\/taetigkeit-ihr-partner-all-inclusive\/","name":"Taetigkeit | Sabesa SA | Partner All Inclusive","isPartOf":{"@id":"https:\/\/www.sabesa.ch\/#website"},"datePublished":"2019-10-01T12:06:35+00:00","dateModified":"2022-10-03T12:56:16+00:00","description":"Wir sind schon immer Ihr Partner in allen Bau- und Industriesektoren. Wir bieten umfassende Beratungsdienstleistungen und begleiten Sie bei der Planung und Realisierung der besten L\u00f6sungen f\u00fcr alle Ihre Bed\u00fcrfnisse.","breadcrumb":{"@id":"https:\/\/www.sabesa.ch\/de\/taetigkeit-ihr-partner-all-inclusive\/#breadcrumb"},"inLanguage":"de","potentialAction":[{"@type":"ReadAction","target":["https:\/\/www.sabesa.ch\/de\/taetigkeit-ihr-partner-all-inclusive\/"]}]},{"@type":"BreadcrumbList","@id":"https:\/\/www.sabesa.ch\/de\/taetigkeit-ihr-partner-all-inclusive\/#breadcrumb","itemListElement":[{"@type":"ListItem","position":1,"name":"Home","item":"https:\/\/www.sabesa.ch\/de\/"},{"@type":"ListItem","position":2,"name":"Taetigkeit"}]},{"@type":"WebSite","@id":"https:\/\/www.sabesa.ch\/#website","url":"https:\/\/www.sabesa.ch\/","name":"Sabesa SA","description":"Trasportiamo soluzioni - trasporti eccezionali Ticino","publisher":{"@id":"https:\/\/www.sabesa.ch\/#organization"},"potentialAction":[{"@type":"SearchAction","target":{"@type":"EntryPoint","urlTemplate":"https:\/\/www.sabesa.ch\/?s={search_term_string}"},"query-input":"required name=search_term_string"}],"inLanguage":"de"},{"@type":"Organization","@id":"https:\/\/www.sabesa.ch\/#organization","name":"Sabesa SA","alternateName":"Trasporti eccezionali, noleggio autogru e navicelle","url":"https:\/\/www.sabesa.ch\/","logo":{"@type":"ImageObject","inLanguage":"de","@id":"https:\/\/www.sabesa.ch\/#\/schema\/logo\/image\/","url":"https:\/\/www.sabesa.ch\/wp-content\/uploads\/2016\/10\/logo-sabesa-small.png","contentUrl":"https:\/\/www.sabesa.ch\/wp-content\/uploads\/2016\/10\/logo-sabesa-small.png","width":137,"height":58,"caption":"Sabesa SA"},"image":{"@id":"https:\/\/www.sabesa.ch\/#\/schema\/logo\/image\/"},"sameAs":["https:\/\/www.youtube.com\/channel\/UCq9eXNGI3lx4qvs01rUZAwQ","https:\/\/www.facebook.com\/sabesa.SA\/?fref=ts"]}]}},"_links":{"self":[{"href":"https:\/\/www.sabesa.ch\/de\/wp-json\/wp\/v2\/pages\/8593"}],"collection":[{"href":"https:\/\/www.sabesa.ch\/de\/wp-json\/wp\/v2\/pages"}],"about":[{"href":"https:\/\/www.sabesa.ch\/de\/wp-json\/wp\/v2\/types\/page"}],"author":[{"embeddable":true,"href":"https:\/\/www.sabesa.ch\/de\/wp-json\/wp\/v2\/users\/1"}],"replies":[{"embeddable":true,"href":"https:\/\/www.sabesa.ch\/de\/wp-json\/wp\/v2\/comments?post=8593"}],"version-history":[{"count":2,"href":"https:\/\/www.sabesa.ch\/de\/wp-json\/wp\/v2\/pages\/8593\/revisions"}],"predecessor-version":[{"id":8642,"href":"https:\/\/www.sabesa.ch\/de\/wp-json\/wp\/v2\/pages\/8593\/revisions\/8642"}],"wp:attachment":[{"href":"https:\/\/www.sabesa.ch\/de\/wp-json\/wp\/v2\/media?parent=8593"}],"curies":[{"name":"wp","href":"https:\/\/api.w.org\/{rel}","templated":true}]}}