{"id":8616,"date":"2019-10-01T12:04:41","date_gmt":"2019-10-01T10:04:41","guid":{"rendered":"http:\/\/www.sabesa.ch\/?page_id=8616"},"modified":"2024-02-26T15:10:00","modified_gmt":"2024-02-26T14:10:00","slug":"sondertransporte-schweiz-sabesa-ag","status":"publish","type":"page","link":"https:\/\/www.sabesa.ch\/de\/","title":{"rendered":"Home"},"content":{"rendered":"[vc_row fullwidth=&#8220;true&#8220;][vc_column][mk_edge_slider first_el=&#8220;true&#8220; swiper_bg=&#8220;#414141&#8243; orderby=&#8220;post__in&#8220; full_height=&#8220;false&#8220; height=&#8220;800&#8243; animation_effect=&#8220;zoom_out&#8220; slideshow_speed=&#8220;5000&#8243; direction_nav=&#8220;none&#8220; pagination=&#8220;none&#8220; skip_arrow=&#8220;false&#8220; slides=&#8220;8614&#8243;][\/vc_column][\/vc_row][vc_row][vc_column][mk_padding_divider size=&#8220;60&#8243; visibility=&#8220;visible-sm&#8220;][mk_padding_divider size=&#8220;150&#8243; visibility=&#8220;hidden-sm&#8220;][vc_row_inner][vc_column_inner][mk_fancy_title color=&#8220;#101010&#8243; size=&#8220;54&#8243; force_font_size=&#8220;true&#8220; size_tablet=&#8220;50&#8243; font_weight=&#8220;bold&#8220; font_family=&#8220;none&#8220; align=&#8220;center&#8220;]Wir transportieren L\u00f6sungen[\/mk_fancy_title][\/vc_column_inner][\/vc_row_inner][vc_row_inner][vc_column_inner width=&#8220;1\/2&#8243;][vc_column_text disable_pattern=&#8220;false&#8220;]Wir sind seit \u00fcber 40\u00a0Jahren das f\u00fchrende Unternehmen in der italienischen Schweiz und transportieren immer st\u00e4rker personalisierte L\u00f6sungen. Modulare L\u00f6sungen und massgeschneiderte L\u00f6sungen f\u00fcr unsere Kunden.[\/vc_column_text][\/vc_column_inner][vc_column_inner width=&#8220;1\/2&#8243;][vc_column_text disable_pattern=&#8220;false&#8220;]Wir k\u00f6nnen in jeder Situation eingreifen, von der einfachsten bis zur komplexesten Situation. Unabh\u00e4ngig von Ihrer Anfrage haben wir bereits die Antwort.[\/vc_column_text][\/vc_column_inner][\/vc_row_inner][mk_button dimension=&#8220;flat&#8220; corner_style=&#8220;rounded&#8220; size=&#8220;large&#8220; url=&#8220;\/de\/taetigkeit\/&#8220; align=&#8220;center&#8220; margin_top=&#8220;40&#8243; margin_bottom=&#8220;0&#8243; margin_right=&#8220;0&#8243; bg_color=&#8220;#fbcf00&#8243; btn_hover_bg=&#8220;#101010&#8243; text_color=&#8220;dark&#8220; btn_hover_txt_color=&#8220;#ffffff&#8220;]Erfahren Sie mehr \u00fcber unsere Dienstleistungen[\/mk_button][mk_padding_divider size=&#8220;150&#8243; visibility=&#8220;hidden-sm&#8220;][mk_padding_divider size=&#8220;60&#8243; visibility=&#8220;visible-sm&#8220;][\/vc_column][\/vc_row][mk_page_section bg_color=&#8220;#fbcf00&#8243; has_top_shape_divider=&#8220;true&#8220; top_shape_size=&#8220;small&#8220; top_shape_color=&#8220;#ffffff&#8220; top_shape_bg_color=&#8220;#fbcf00&#8243; has_bottom_shape_divider=&#8220;true&#8220; bottom_shape_size=&#8220;small&#8220; bottom_shape_color=&#8220;#ffffff&#8220; bottom_shape_bg_color=&#8220;#fbcf00&#8243; sidebar=&#8220;sidebar-1&#8243;][vc_column][mk_padding_divider size=&#8220;60&#8243; visibility=&#8220;hidden-sm&#8220;][mk_padding_divider size=&#8220;60&#8243; visibility=&#8220;visible-sm&#8220;][mk_fancy_title color=&#8220;#101010&#8243; size=&#8220;54&#8243; force_font_size=&#8220;true&#8220; size_tablet=&#8220;50&#8243; font_weight=&#8220;bold&#8220; txt_transform=&#8220;none&#8220; margin_bottom=&#8220;0&#8243; font_family=&#8220;none&#8220; align=&#8220;center&#8220;]Vermietung von Fahrzeugen[\/mk_fancy_title][mk_fancy_title color=&#8220;#101010&#8243; size=&#8220;20&#8243; margin_bottom=&#8220;0&#8243; font_family=&#8220;none&#8220; align=&#8220;center&#8220;]Was ben\u00f6tigen Sie? Fordern Sie einen Kostenvoranschlag f\u00fcr die Vermietung an.[\/mk_fancy_title][mk_button dimension=&#8220;outline&#8220; corner_style=&#8220;rounded&#8220; size=&#8220;large&#8220; url=&#8220;\/de\/kontakte\/#contatti&#8220; align=&#8220;center&#8220; margin_top=&#8220;40&#8243; margin_bottom=&#8220;0&#8243; margin_right=&#8220;0&#8243;]Fordern Sie Informationen an[\/mk_button][mk_padding_divider size=&#8220;60&#8243;][vc_row_inner disable_element=&#8220;yes&#8220;][vc_column_inner width=&#8220;1\/3&#8243;][mk_image src=&#8220;http:\/\/demos.artbees.net\/jupiter5\/callirrhoe\/wp-content\/uploads\/sites\/46\/2015\/12\/custom-box-01.jpg&#8220; image_size=&#8220;full&#8220; align=&#8220;center&#8220; margin_bottom=&#8220;0&#8243;][mk_custom_box padding_vertical=&#8220;20&#8243; margin_bottom=&#8220;30&#8243; bg_color=&#8220;#ffffff&#8220; background_hov_color_style=&#8220;image&#8220; bg_hov_color=&#8220;#eeeeee&#8220;][mk_fancy_title color=&#8220;#222222&#8243; size=&#8220;24&#8243; font_weight=&#8220;400&#8243; txt_transform=&#8220;capitalize&#8220; margin_bottom=&#8220;0&#8243; font_family=&#8220;none&#8220; align=&#8220;center&#8220;]child care[\/mk_fancy_title][vc_column_text align=&#8220;center&#8220; margin_bottom=&#8220;20&#8243;]<span style=\"color: #222222;\">Lorem ipsum dolor dile sitiene amet conse ctetur adipisicing elit sed doing eiusmod tempor inciunt labore etinome.<\/span>[\/vc_column_text][mk_button dimension=&#8220;flat&#8220; size=&#8220;medium&#8220; align=&#8220;center&#8220; bg_color=&#8220;#ff2400&#8243; btn_hover_bg=&#8220;#585861&#8243; btn_hover_txt_color=&#8220;#ffffff&#8220;]Details[\/mk_button][\/mk_custom_box][\/vc_column_inner][vc_column_inner width=&#8220;1\/3&#8243;][mk_image src=&#8220;http:\/\/demos.artbees.net\/jupiter5\/callirrhoe\/wp-content\/uploads\/sites\/46\/2015\/12\/custom-box-02.jpg&#8220; image_size=&#8220;full&#8220; align=&#8220;center&#8220; margin_bottom=&#8220;0&#8243;][mk_custom_box padding_vertical=&#8220;20&#8243; margin_bottom=&#8220;30&#8243; bg_color=&#8220;#ffffff&#8220; background_hov_color_style=&#8220;image&#8220; bg_hov_color=&#8220;#eeeeee&#8220;][mk_fancy_title color=&#8220;#222222&#8243; size=&#8220;24&#8243; font_weight=&#8220;400&#8243; txt_transform=&#8220;capitalize&#8220; margin_bottom=&#8220;0&#8243; font_family=&#8220;none&#8220; align=&#8220;center&#8220;]stop hunger[\/mk_fancy_title][vc_column_text align=&#8220;center&#8220; margin_bottom=&#8220;20&#8243;]<span style=\"color: #222222;\">Lorem ipsum dolor dile sitiene amet conse ctetur adipisicing elit sed doing eiusmod tempor inciunt labore etinome.<\/span>[\/vc_column_text][mk_button dimension=&#8220;flat&#8220; size=&#8220;medium&#8220; align=&#8220;center&#8220; bg_color=&#8220;#ff2400&#8243; btn_hover_bg=&#8220;#585861&#8243; btn_hover_txt_color=&#8220;#ffffff&#8220;]Details[\/mk_button][\/mk_custom_box][\/vc_column_inner][vc_column_inner width=&#8220;1\/3&#8243;][mk_image src=&#8220;http:\/\/demos.artbees.net\/jupiter5\/callirrhoe\/wp-content\/uploads\/sites\/46\/2015\/12\/custom-box-03.jpg&#8220; image_size=&#8220;full&#8220; align=&#8220;center&#8220; margin_bottom=&#8220;0&#8243;][mk_custom_box padding_vertical=&#8220;20&#8243; margin_bottom=&#8220;30&#8243; bg_color=&#8220;#ffffff&#8220; background_hov_color_style=&#8220;image&#8220; bg_hov_color=&#8220;#eeeeee&#8220;][mk_fancy_title color=&#8220;#222222&#8243; size=&#8220;24&#8243; font_weight=&#8220;400&#8243; txt_transform=&#8220;capitalize&#8220; margin_bottom=&#8220;0&#8243; font_family=&#8220;none&#8220; align=&#8220;center&#8220;]africa program[\/mk_fancy_title][vc_column_text align=&#8220;center&#8220; margin_bottom=&#8220;20&#8243;]<span style=\"color: #222222;\">Lorem ipsum dolor dile sitiene amet conse ctetur adipisicing elit sed doing eiusmod tempor inciunt labore etinome.<\/span>[\/vc_column_text][mk_button dimension=&#8220;flat&#8220; size=&#8220;medium&#8220; align=&#8220;center&#8220; bg_color=&#8220;#ff2400&#8243; btn_hover_bg=&#8220;#585861&#8243; btn_hover_txt_color=&#8220;#ffffff&#8220;]Details[\/mk_button][\/mk_custom_box][\/vc_column_inner][\/vc_row_inner][mk_padding_divider size=&#8220;60&#8243; visibility=&#8220;visible-sm&#8220;][mk_padding_divider size=&#8220;60&#8243; visibility=&#8220;hidden-sm&#8220;][\/vc_column][\/mk_page_section][vc_row disable_element=&#8220;yes&#8220;][vc_column][mk_padding_divider size=&#8220;150&#8243; visibility=&#8220;hidden-sm&#8220;][mk_padding_divider size=&#8220;60&#8243; visibility=&#8220;visible-sm&#8220;][mk_fancy_title color=&#8220;#ffffff&#8220; size=&#8220;54&#8243; force_font_size=&#8220;true&#8220; size_tablet=&#8220;50&#8243; txt_transform=&#8220;capitalize&#8220; margin_bottom=&#8220;0&#8243; font_family=&#8220;none&#8220; align=&#8220;center&#8220;]callirrhoe charity helps[\/mk_fancy_title][mk_padding_divider size=&#8220;60&#8243;][vc_row_inner][vc_column_inner width=&#8220;2\/12&#8243;][mk_font_icons icon=&#8220;mk-li-leaf&#8220; color=&#8220;#ffffff&#8220; size=&#8220;xx-large&#8220; circle=&#8220;true&#8220; circle_color=&#8220;#ff2400&#8243; circle_border_width=&#8220;0&#8243; align=&#8220;center&#8220;][\/vc_column_inner][vc_column_inner width=&#8220;4\/12&#8243;][mk_fancy_title color=&#8220;#ff2400&#8243; size=&#8220;24&#8243; font_weight=&#8220;400&#8243; txt_transform=&#8220;capitalize&#8220; margin_bottom=&#8220;0&#8243; font_family=&#8220;none&#8220;]food[\/mk_fancy_title][vc_column_text disable_pattern=&#8220;false&#8220;]Lorem ipsum dolor dile sitiene amet conse ctetur adipisicing elit sed doing eiusmod tempor inciunt labore etinome dolore magna aliqua utono enim adiei minim veniam.[\/vc_column_text][mk_padding_divider size=&#8220;60&#8243; visibility=&#8220;visible-sm&#8220;][\/vc_column_inner][vc_column_inner width=&#8220;2\/12&#8243;][mk_font_icons icon=&#8220;mk-li-pill&#8220; color=&#8220;#ffffff&#8220; size=&#8220;xx-large&#8220; circle=&#8220;true&#8220; circle_color=&#8220;#ff2400&#8243; circle_border_width=&#8220;0&#8243; align=&#8220;center&#8220;][\/vc_column_inner][vc_column_inner width=&#8220;4\/12&#8243;][mk_fancy_title color=&#8220;#ff2400&#8243; size=&#8220;24&#8243; font_weight=&#8220;400&#8243; txt_transform=&#8220;capitalize&#8220; margin_bottom=&#8220;0&#8243; font_family=&#8220;none&#8220;]medicine[\/mk_fancy_title][vc_column_text disable_pattern=&#8220;false&#8220;]Lorem ipsum dolor dile sitiene amet conse ctetur adipisicing elit sed doing eiusmod tempor inciunt labore etinome dolore magna aliqua utono enim adiei minim veniam.[\/vc_column_text][mk_padding_divider size=&#8220;60&#8243; visibility=&#8220;visible-sm&#8220;][\/vc_column_inner][\/vc_row_inner][mk_padding_divider size=&#8220;80&#8243; visibility=&#8220;hidden-sm&#8220;][vc_row_inner][vc_column_inner width=&#8220;2\/12&#8243;][mk_font_icons icon=&#8220;mk-li-drop&#8220; color=&#8220;#ffffff&#8220; size=&#8220;xx-large&#8220; circle=&#8220;true&#8220; circle_color=&#8220;#ff2400&#8243; circle_border_width=&#8220;0&#8243; align=&#8220;center&#8220;][\/vc_column_inner][vc_column_inner width=&#8220;4\/12&#8243;][mk_fancy_title color=&#8220;#ff2400&#8243; size=&#8220;24&#8243; font_weight=&#8220;400&#8243; txt_transform=&#8220;capitalize&#8220; margin_bottom=&#8220;0&#8243; font_family=&#8220;none&#8220;]water[\/mk_fancy_title][vc_column_text disable_pattern=&#8220;false&#8220;]Lorem ipsum dolor dile sitiene amet conse ctetur adipisicing elit sed doing eiusmod tempor inciunt labore etinome dolore magna aliqua utono enim adiei minim veniam.[\/vc_column_text][mk_padding_divider size=&#8220;60&#8243; visibility=&#8220;visible-sm&#8220;][\/vc_column_inner][vc_column_inner width=&#8220;2\/12&#8243;][mk_font_icons icon=&#8220;mk-moon-health&#8220; color=&#8220;#ffffff&#8220; size=&#8220;xx-large&#8220; circle=&#8220;true&#8220; circle_color=&#8220;#ff2400&#8243; circle_border_width=&#8220;0&#8243; align=&#8220;center&#8220;][\/vc_column_inner][vc_column_inner width=&#8220;4\/12&#8243;][mk_fancy_title color=&#8220;#ff2400&#8243; size=&#8220;24&#8243; font_weight=&#8220;400&#8243; txt_transform=&#8220;capitalize&#8220; margin_bottom=&#8220;0&#8243; font_family=&#8220;none&#8220;]health[\/mk_fancy_title][vc_column_text disable_pattern=&#8220;false&#8220;]Lorem ipsum dolor dile sitiene amet conse ctetur adipisicing elit sed doing eiusmod tempor inciunt labore etinome dolore magna aliqua utono enim adiei minim veniam.[\/vc_column_text][mk_padding_divider size=&#8220;60&#8243; visibility=&#8220;visible-sm&#8220;][\/vc_column_inner][\/vc_row_inner][mk_padding_divider size=&#8220;150&#8243; visibility=&#8220;hidden-sm&#8220;][\/vc_column][\/vc_row][vc_row][vc_column][mk_padding_divider size=&#8220;150&#8243; visibility=&#8220;hidden-sm&#8220;][mk_padding_divider size=&#8220;60&#8243; visibility=&#8220;visible-sm&#8220;][mk_fancy_title color=&#8220;#101010&#8243; size=&#8220;54&#8243; force_font_size=&#8220;true&#8220; size_tablet=&#8220;50&#8243; size_phone=&#8220;30&#8243; font_weight=&#8220;bold&#8220; margin_bottom=&#8220;0&#8243; font_family=&#8220;none&#8220; align=&#8220;center&#8220;]Sabesa in Zahlen[\/mk_fancy_title][mk_padding_divider size=&#8220;60&#8243;][vc_row_inner][vc_column_inner width=&#8220;1\/3&#8243;][mk_milestone icon=&#8220;mk-moon-road&#8220; icon_size=&#8220;large&#8220; align=&#8220;center&#8220; stop=&#8220;2000000&#8243; speed=&#8220;3000&#8243; text=&#8220;Pro Jahr zur\u00fcckgelegte Km&#8220; text_color=&#8220;#101010&#8243; text_size=&#8220;48&#8243; font_family=&#8220;none&#8220; desc_size=&#8220;18&#8243;][mk_padding_divider size=&#8220;60&#8243; visibility=&#8220;visible-sm&#8220;][\/vc_column_inner][vc_column_inner width=&#8220;1\/3&#8243;][mk_milestone icon=&#8220;mk-icon-truck&#8220; icon_size=&#8220;large&#8220; align=&#8220;center&#8220; stop=&#8220;150&#8243; speed=&#8220;3000&#8243; text=&#8220;Fahrzeuge in unserem Fuhrpark&#8220; text_color=&#8220;#101010&#8243; text_size=&#8220;48&#8243; font_family=&#8220;none&#8220; desc_size=&#8220;18&#8243;][mk_padding_divider size=&#8220;60&#8243; visibility=&#8220;visible-sm&#8220;][\/vc_column_inner][vc_column_inner width=&#8220;1\/3&#8243;][mk_milestone icon=&#8220;mk-moon-factory&#8220; icon_size=&#8220;large&#8220; align=&#8220;center&#8220; stop=&#8220;2&#8243; speed=&#8220;3000&#8243; text=&#8220;Niederlassungen in der Schweiz&#8220; text_color=&#8220;#101010&#8243; text_size=&#8220;48&#8243; font_family=&#8220;none&#8220; desc_size=&#8220;18&#8243;][mk_padding_divider size=&#8220;60&#8243; visibility=&#8220;visible-sm&#8220;][\/vc_column_inner][\/vc_row_inner][mk_padding_divider size=&#8220;150&#8243; visibility=&#8220;hidden-sm&#8220;][\/vc_column][\/vc_row][vc_row fullwidth=&#8220;true&#8220; visibility=&#8220;hidden-sm&#8220; css=&#8220;.vc_custom_1483096694772{background-color: #eeeeee !important;}&#8220;][vc_column][mk_padding_divider size=&#8220;150&#8243; visibility=&#8220;hidden-sm&#8220;][mk_padding_divider size=&#8220;60&#8243; visibility=&#8220;visible-sm&#8220;][mk_fancy_title color=&#8220;#101010&#8243; size=&#8220;54&#8243; force_font_size=&#8220;true&#8220; size_tablet=&#8220;50&#8243; size_phone=&#8220;30&#8243; font_weight=&#8220;bold&#8220; margin_bottom=&#8220;0&#8243; font_family=&#8220;none&#8220; align=&#8220;center&#8220;]Galerie[\/mk_fancy_title][mk_padding_divider size=&#8220;60&#8243;][mk_gallery images=&#8220;7892,7891,7890,7889,7888,7887,7886,7895,7896,7897,7898,7899&#8243; column=&#8220;6&#8243; height=&#8220;150&#8243; hover_scenarios=&#8220;grayscale&#8220; item_spacing=&#8220;0&#8243; image_quality=&#8220;2&#8243;][mk_padding_divider][mk_button dimension=&#8220;flat&#8220; corner_style=&#8220;rounded&#8220; size=&#8220;large&#8220; url=&#8220;\/de\/referenzen&#8220; align=&#8220;center&#8220; bg_color=&#8220;#fbcf00&#8243; btn_hover_bg=&#8220;#101010&#8243; text_color=&#8220;dark&#8220; btn_hover_txt_color=&#8220;#ffffff&#8220;]Gehen Sie zu den Referenzen[\/mk_button][mk_padding_divider size=&#8220;0&#8243; visibility=&#8220;hidden-sm&#8220;][mk_padding_divider][mk_padding_divider size=&#8220;60&#8243; visibility=&#8220;visible-sm&#8220;][\/vc_column][\/vc_row]\n\n\n<div id=\"wid_1708786966724\"><\/div>\n<script>\nsc = document.createElement(\"script\");\nsc.setAttribute(\"defer\",true);\nsc.setAttribute(\"src\",\"https:\/\/dbwx2z9xa7qt9.cloudfront.net\/bundle.js?cachebust=1708786966724\");\nsc.setAttribute(\"theme\",\"light\");\nsc.setAttribute(\"footer\", \"false\");\nsc.setAttribute(\"widget-type\",\"carousel\");\nsc.setAttribute(\"token\",\"65da023545e2250cc18c2fcc\");\nsc.setAttribute('apiurl', \"https:\/\/server.onlinereviews.tech\/api\/v0.0.9\");\nsc.setAttribute('stats',\"true\");\nsc.setAttribute('addReview',\"true\");\nsc.setAttribute('profile-pic',\"true\");\nsc.setAttribute('review-name',\"true\");\nsc.setAttribute('wl', \"true\");\nsc.setAttribute('wlndig', \"https:\/\/go.dgmarketing.ch\/sabesa\");\nsc.setAttribute('lang', \"it\");\nsc.setAttribute('brandStyle', \"%7B%22sidebar_background%22%3A%22%23F48607%22%2C%22sidebar_text%22%3A%22white%22%2C%22brand_button_text_color%22%3A%22white%22%2C%22brand_main_color%22%3A%22%2325D366%22%2C%22brand_button_border_radius%22%3A%2220px%22%2C%22brand_button_hover%22%3A%22rgb(64%2C%20221%2C%20123)%22%2C%22brand_button_active%22%3A%22rgb(31%2C%20179%2C%2087)%22%2C%22brand_main_color_opacity%22%3A%22%2325D3661a%22%2C%22brand_font%22%3A%22Montserrat%22%2C%22star_color%22%3A%22%23128c7e%22%2C%22brand_main_background%22%3A%22%23F6F8F7%22%2C%22brand_card_background%22%3A%22white%22%2C%22poweredByLink%22%3A%22https%3A%2F%2Fdgmarketing.ch%22%2C%22poweredicon%22%3A%22https%3A%2F%2Frecensioni-io-static-folder.s3.eu-central-1.amazonaws.com%2Fpublic_onlinereviews%2Freviews.dgmarketing.ch%2Ftopbar.png%22%7D\");\ndocument.getElementById(\"wid_1708786966724\").appendChild(sc);\n<\/script>\n","protected":false},"excerpt":{"rendered":"<p>[vc_row fullwidth=&#8220;true&#8220;][vc_column][mk_edge_slider first_el=&#8220;true&#8220; swiper_bg=&#8220;#414141&#8243; orderby=&#8220;post__in&#8220; full_height=&#8220;false&#8220; height=&#8220;800&#8243; animation_effect=&#8220;zoom_out&#8220; slideshow_speed=&#8220;5000&#8243; direction_nav=&#8220;none&#8220; pagination=&#8220;none&#8220; skip_arrow=&#8220;false&#8220; slides=&#8220;8614&#8243;][\/vc_column][\/vc_row][vc_row][vc_column][mk_padding_divider size=&#8220;60&#8243; visibility=&#8220;visible-sm&#8220;][mk_padding_divider size=&#8220;150&#8243; visibility=&#8220;hidden-sm&#8220;][vc_row_inner][vc_column_inner][mk_fancy_title color=&#8220;#101010&#8243; size=&#8220;54&#8243; force_font_size=&#8220;true&#8220; size_tablet=&#8220;50&#8243; font_weight=&#8220;bold&#8220; font_family=&#8220;none&#8220; align=&#8220;center&#8220;]Wir transportieren L\u00f6sungen[\/mk_fancy_title][\/vc_column_inner][\/vc_row_inner][vc_row_inner][vc_column_inner width=&#8220;1\/2&#8243;][vc_column_text disable_pattern=&#8220;false&#8220;]Wir sind seit \u00fcber 40\u00a0Jahren das f\u00fchrende Unternehmen in der italienischen Schweiz und transportieren immer st\u00e4rker personalisierte L\u00f6sungen. Modulare L\u00f6sungen und massgeschneiderte L\u00f6sungen f\u00fcr unsere Kunden.[\/vc_column_text][\/vc_column_inner][vc_column_inner width=&#8220;1\/2&#8243;][vc_column_text disable_pattern=&#8220;false&#8220;]Wir [&hellip;]<\/p>\n","protected":false},"author":1,"featured_media":0,"parent":0,"menu_order":0,"comment_status":"closed","ping_status":"closed","template":"","meta":[],"yoast_head":"<!-- This site is optimized with the Yoast SEO plugin v19.9 - https:\/\/yoast.com\/wordpress\/plugins\/seo\/ -->\n<title>Sabesa SA | Sondertransport | Kranwagen | Fahrzeugvermietung<\/title>\n<meta name=\"description\" content=\"SABESA AG - Sondertransport, Schwertransport, Kranwagen, Fahrzeugvermietung, Lenzburg, Olten, Oftringen, Dietikon, Aarau, Z\u00fcrich\" \/>\n<meta name=\"robots\" content=\"index, follow, max-snippet:-1, max-image-preview:large, max-video-preview:-1\" \/>\n<link rel=\"canonical\" href=\"https:\/\/www.sabesa.ch\/de\/\" \/>\n<meta property=\"og:locale\" content=\"de_DE\" \/>\n<meta property=\"og:type\" content=\"article\" \/>\n<meta property=\"og:title\" content=\"Sabesa SA | Sondertransport | Kranwagen | Fahrzeugvermietung\" \/>\n<meta property=\"og:description\" content=\"SABESA AG - Sondertransport, Schwertransport, Kranwagen, Fahrzeugvermietung, Lenzburg, Olten, Oftringen, Dietikon, Aarau, Z\u00fcrich\" \/>\n<meta property=\"og:url\" content=\"https:\/\/www.sabesa.ch\/de\/\" \/>\n<meta property=\"og:site_name\" content=\"Sabesa SA\" \/>\n<meta property=\"article:publisher\" content=\"https:\/\/www.facebook.com\/sabesa.SA\/?fref=ts\" \/>\n<meta property=\"article:modified_time\" content=\"2024-02-26T14:10:00+00:00\" \/>\n<meta name=\"twitter:card\" content=\"summary_large_image\" \/>\n<meta name=\"twitter:label1\" content=\"Gesch\u00e4tzte Lesezeit\" \/>\n\t<meta name=\"twitter:data1\" content=\"4\u00a0Minuten\" \/>\n<script type=\"application\/ld+json\" class=\"yoast-schema-graph\">{\"@context\":\"https:\/\/schema.org\",\"@graph\":[{\"@type\":\"WebPage\",\"@id\":\"https:\/\/www.sabesa.ch\/de\/\",\"url\":\"https:\/\/www.sabesa.ch\/de\/\",\"name\":\"Sabesa SA | Sondertransport | Kranwagen | Fahrzeugvermietung\",\"isPartOf\":{\"@id\":\"https:\/\/www.sabesa.ch\/#website\"},\"datePublished\":\"2019-10-01T10:04:41+00:00\",\"dateModified\":\"2024-02-26T14:10:00+00:00\",\"description\":\"SABESA AG - Sondertransport, Schwertransport, Kranwagen, Fahrzeugvermietung, Lenzburg, Olten, Oftringen, Dietikon, Aarau, Z\u00fcrich\",\"breadcrumb\":{\"@id\":\"https:\/\/www.sabesa.ch\/de\/#breadcrumb\"},\"inLanguage\":\"de\",\"potentialAction\":[{\"@type\":\"ReadAction\",\"target\":[\"https:\/\/www.sabesa.ch\/de\/\"]}]},{\"@type\":\"BreadcrumbList\",\"@id\":\"https:\/\/www.sabesa.ch\/de\/#breadcrumb\",\"itemListElement\":[{\"@type\":\"ListItem\",\"position\":1,\"name\":\"Home\",\"item\":\"https:\/\/www.sabesa.ch\/de\/\"},{\"@type\":\"ListItem\",\"position\":2,\"name\":\"Home\"}]},{\"@type\":\"WebSite\",\"@id\":\"https:\/\/www.sabesa.ch\/#website\",\"url\":\"https:\/\/www.sabesa.ch\/\",\"name\":\"Sabesa SA\",\"description\":\"Trasportiamo soluzioni - trasporti eccezionali Ticino\",\"publisher\":{\"@id\":\"https:\/\/www.sabesa.ch\/#organization\"},\"potentialAction\":[{\"@type\":\"SearchAction\",\"target\":{\"@type\":\"EntryPoint\",\"urlTemplate\":\"https:\/\/www.sabesa.ch\/?s={search_term_string}\"},\"query-input\":\"required name=search_term_string\"}],\"inLanguage\":\"de\"},{\"@type\":\"Organization\",\"@id\":\"https:\/\/www.sabesa.ch\/#organization\",\"name\":\"Sabesa SA\",\"alternateName\":\"Trasporti eccezionali, noleggio autogru e navicelle\",\"url\":\"https:\/\/www.sabesa.ch\/\",\"logo\":{\"@type\":\"ImageObject\",\"inLanguage\":\"de\",\"@id\":\"https:\/\/www.sabesa.ch\/#\/schema\/logo\/image\/\",\"url\":\"https:\/\/www.sabesa.ch\/wp-content\/uploads\/2016\/10\/logo-sabesa-small.png\",\"contentUrl\":\"https:\/\/www.sabesa.ch\/wp-content\/uploads\/2016\/10\/logo-sabesa-small.png\",\"width\":137,\"height\":58,\"caption\":\"Sabesa SA\"},\"image\":{\"@id\":\"https:\/\/www.sabesa.ch\/#\/schema\/logo\/image\/\"},\"sameAs\":[\"https:\/\/www.youtube.com\/channel\/UCq9eXNGI3lx4qvs01rUZAwQ\",\"https:\/\/www.facebook.com\/sabesa.SA\/?fref=ts\"]}]}<\/script>\n<!-- \/ Yoast SEO plugin. -->","yoast_head_json":{"title":"Sabesa SA | Sondertransport | Kranwagen | Fahrzeugvermietung","description":"SABESA AG - Sondertransport, Schwertransport, Kranwagen, Fahrzeugvermietung, Lenzburg, Olten, Oftringen, Dietikon, Aarau, Z\u00fcrich","robots":{"index":"index","follow":"follow","max-snippet":"max-snippet:-1","max-image-preview":"max-image-preview:large","max-video-preview":"max-video-preview:-1"},"canonical":"https:\/\/www.sabesa.ch\/de\/","og_locale":"de_DE","og_type":"article","og_title":"Sabesa SA | Sondertransport | Kranwagen | Fahrzeugvermietung","og_description":"SABESA AG - Sondertransport, Schwertransport, Kranwagen, Fahrzeugvermietung, Lenzburg, Olten, Oftringen, Dietikon, Aarau, Z\u00fcrich","og_url":"https:\/\/www.sabesa.ch\/de\/","og_site_name":"Sabesa SA","article_publisher":"https:\/\/www.facebook.com\/sabesa.SA\/?fref=ts","article_modified_time":"2024-02-26T14:10:00+00:00","twitter_card":"summary_large_image","twitter_misc":{"Gesch\u00e4tzte Lesezeit":"4\u00a0Minuten"},"schema":{"@context":"https:\/\/schema.org","@graph":[{"@type":"WebPage","@id":"https:\/\/www.sabesa.ch\/de\/","url":"https:\/\/www.sabesa.ch\/de\/","name":"Sabesa SA | Sondertransport | Kranwagen | Fahrzeugvermietung","isPartOf":{"@id":"https:\/\/www.sabesa.ch\/#website"},"datePublished":"2019-10-01T10:04:41+00:00","dateModified":"2024-02-26T14:10:00+00:00","description":"SABESA AG - Sondertransport, Schwertransport, Kranwagen, Fahrzeugvermietung, Lenzburg, Olten, Oftringen, Dietikon, Aarau, Z\u00fcrich","breadcrumb":{"@id":"https:\/\/www.sabesa.ch\/de\/#breadcrumb"},"inLanguage":"de","potentialAction":[{"@type":"ReadAction","target":["https:\/\/www.sabesa.ch\/de\/"]}]},{"@type":"BreadcrumbList","@id":"https:\/\/www.sabesa.ch\/de\/#breadcrumb","itemListElement":[{"@type":"ListItem","position":1,"name":"Home","item":"https:\/\/www.sabesa.ch\/de\/"},{"@type":"ListItem","position":2,"name":"Home"}]},{"@type":"WebSite","@id":"https:\/\/www.sabesa.ch\/#website","url":"https:\/\/www.sabesa.ch\/","name":"Sabesa SA","description":"Trasportiamo soluzioni - trasporti eccezionali Ticino","publisher":{"@id":"https:\/\/www.sabesa.ch\/#organization"},"potentialAction":[{"@type":"SearchAction","target":{"@type":"EntryPoint","urlTemplate":"https:\/\/www.sabesa.ch\/?s={search_term_string}"},"query-input":"required name=search_term_string"}],"inLanguage":"de"},{"@type":"Organization","@id":"https:\/\/www.sabesa.ch\/#organization","name":"Sabesa SA","alternateName":"Trasporti eccezionali, noleggio autogru e navicelle","url":"https:\/\/www.sabesa.ch\/","logo":{"@type":"ImageObject","inLanguage":"de","@id":"https:\/\/www.sabesa.ch\/#\/schema\/logo\/image\/","url":"https:\/\/www.sabesa.ch\/wp-content\/uploads\/2016\/10\/logo-sabesa-small.png","contentUrl":"https:\/\/www.sabesa.ch\/wp-content\/uploads\/2016\/10\/logo-sabesa-small.png","width":137,"height":58,"caption":"Sabesa SA"},"image":{"@id":"https:\/\/www.sabesa.ch\/#\/schema\/logo\/image\/"},"sameAs":["https:\/\/www.youtube.com\/channel\/UCq9eXNGI3lx4qvs01rUZAwQ","https:\/\/www.facebook.com\/sabesa.SA\/?fref=ts"]}]}},"_links":{"self":[{"href":"https:\/\/www.sabesa.ch\/de\/wp-json\/wp\/v2\/pages\/8616"}],"collection":[{"href":"https:\/\/www.sabesa.ch\/de\/wp-json\/wp\/v2\/pages"}],"about":[{"href":"https:\/\/www.sabesa.ch\/de\/wp-json\/wp\/v2\/types\/page"}],"author":[{"embeddable":true,"href":"https:\/\/www.sabesa.ch\/de\/wp-json\/wp\/v2\/users\/1"}],"replies":[{"embeddable":true,"href":"https:\/\/www.sabesa.ch\/de\/wp-json\/wp\/v2\/comments?post=8616"}],"version-history":[{"count":5,"href":"https:\/\/www.sabesa.ch\/de\/wp-json\/wp\/v2\/pages\/8616\/revisions"}],"predecessor-version":[{"id":9091,"href":"https:\/\/www.sabesa.ch\/de\/wp-json\/wp\/v2\/pages\/8616\/revisions\/9091"}],"wp:attachment":[{"href":"https:\/\/www.sabesa.ch\/de\/wp-json\/wp\/v2\/media?parent=8616"}],"curies":[{"name":"wp","href":"https:\/\/api.w.org\/{rel}","templated":true}]}}