{"id":8636,"date":"2019-10-01T12:22:21","date_gmt":"2019-10-01T10:22:21","guid":{"rendered":"http:\/\/www.sabesa.ch\/?page_id=8636"},"modified":"2022-10-03T15:20:06","modified_gmt":"2022-10-03T13:20:06","slug":"unternehmen-sabesa-ag","status":"publish","type":"page","link":"https:\/\/www.sabesa.ch\/de\/unternehmen-sabesa-ag\/","title":{"rendered":"Unternehmen"},"content":{"rendered":"[mk_page_section bg_image=&#8220;http:\/\/wordpress.p379882.webspaceconfig.de\/wp-content\/uploads\/2015\/12\/testata-azienda-2.jpg&#8220; bg_color=&#8220;#1c1c1f&#8220; bg_position=&#8220;center top&#8220; bg_repeat=&#8220;no-repeat&#8220; bg_stretch=&#8220;true&#8220; enable_3d=&#8220;true&#8220; video_color_mask=&#8220;#000000&#8243; min_height=&#8220;500&#8243; js_vertical_centered=&#8220;true&#8220; sidebar=&#8220;sidebar-1&#8243;][vc_column][mk_fancy_title color=&#8220;#ffffff&#8220; size=&#8220;78&#8243; force_font_size=&#8220;true&#8220; size_tablet=&#8220;50&#8243; font_weight=&#8220;bold&#8220; txt_transform=&#8220;uppercase&#8220; letter_spacing=&#8220;10&#8243; margin_bottom=&#8220;0&#8243; font_family=&#8220;none&#8220; align=&#8220;center&#8220;]Unternehmen[\/mk_fancy_title][\/vc_column][\/mk_page_section][vc_row][vc_column][mk_padding_divider size=&#8220;150&#8243; visibility=&#8220;hidden-sm&#8220;][mk_padding_divider size=&#8220;60&#8243; visibility=&#8220;visible-sm&#8220;][mk_fancy_title color=&#8220;#101010&#8243; size=&#8220;54&#8243; force_font_size=&#8220;true&#8220; size_tablet=&#8220;50&#8243; size_phone=&#8220;30&#8243; font_weight=&#8220;bold&#8220; margin_bottom=&#8220;0&#8243; font_family=&#8220;none&#8220; align=&#8220;center&#8220;]Die Schweiz und ganz Europa waren sich noch nie so nah.[\/mk_fancy_title][mk_padding_divider size=&#8220;60&#8243;][vc_row_inner][vc_column_inner][vc_column_text disable_pattern=&#8220;false&#8220;]Dank eines Fuhrparks mit mehr als 150 Hebe- und Transportfahrzeugen sowie eines Teams, das aus 60 hoch qualifizierten Fachleuten besteht, k\u00f6nnen wir in jeder Situation t\u00e4tig werden, von der einfachsten bis zur komplexesten Situation.<\/p>\n<p>Seit 2016 haben wir eine Filiale in Lenzburg, im Kanton Aargau, die strategisch g\u00fcnstig zwischen Basel und Z\u00fcrich liegt. Dank dieser Entscheidung sind wir die ideale Br\u00fccke zwischen Nord und S\u00fcd, eine Br\u00fccke, die in \u00fcber 40&nbsp;Jahren errichtet wurde.[\/vc_column_text][mk_padding_divider size=&#8220;60&#8243;][\/vc_column_inner][\/vc_row_inner][vc_video link=&#8220;https:\/\/youtu.be\/QxIciBmgFhY&#8220;][mk_padding_divider size=&#8220;60&#8243; visibility=&#8220;visible-sm&#8220;][mk_padding_divider size=&#8220;150&#8243; visibility=&#8220;hidden-sm&#8220;][\/vc_column][\/vc_row][vc_row fullwidth=&#8220;true&#8220; fullwidth_content=&#8220;false&#8220; css=&#8220;.vc_custom_1478095203556{background-color: #eeeeee !important;}&#8220;][vc_column][mk_padding_divider size=&#8220;150&#8243; visibility=&#8220;hidden-sm&#8220;][mk_padding_divider size=&#8220;60&#8243; visibility=&#8220;visible-sm&#8220;][mk_fancy_title color=&#8220;#101010&#8243; size=&#8220;54&#8243; force_font_size=&#8220;true&#8220; size_tablet=&#8220;50&#8243; size_phone=&#8220;30&#8243; font_weight=&#8220;bold&#8220; font_family=&#8220;none&#8220; align=&#8220;center&#8220;]Seit mehr als 40 Jahren unterwegs&#8230;[\/mk_fancy_title][mk_padding_divider size=&#8220;60&#8243;][vc_row_inner][vc_column_inner width=&#8220;1\/2&#8243;][vc_column_text disable_pattern=&#8220;false&#8220;]Die Sabesa-Gruppe mit Hauptsitz in Riazzino (Kanton Tessin) und einer Filiale in Lenzburg (Kanton Aargau), die strategisch g\u00fcnstig zwischen Basel und Z\u00fcrich liegt, blickt auf eine jahrzehntelange Erfahrung im Bereich der Hebearbeiten und des Transports zur\u00fcck.<\/p>\n<p>Sie wurde im Jahr 1974 von Benito Saccomandi gegr\u00fcndet und begann ihre T\u00e4tigkeit im Bereich der herk\u00f6mmlichen Transporte.<br \/>\n[\/vc_column_text][\/vc_column_inner][vc_column_inner width=&#8220;1\/2&#8243;][vc_column_text disable_pattern=&#8220;false&#8220;]Der Erwerb des ersten Kranwagens erfolgte im Jahr 1986. Diese Eingebung hat es der Sabesa-Gruppe erm\u00f6glicht, sich als f\u00fchrendes Unternehmen im Bereich der Hebearbeiten und Sondertransporte zu etablieren.<br \/>\n[\/vc_column_text][\/vc_column_inner][\/vc_row_inner][mk_padding_divider size=&#8220;80&#8243; visibility=&#8220;hidden-sm&#8220;][mk_padding_divider size=&#8220;60&#8243; visibility=&#8220;visible-sm&#8220;][mk_padding_divider size=&#8220;150&#8243; visibility=&#8220;hidden-sm&#8220;][\/vc_column][\/vc_row][mk_page_section bg_color=&#8220;#101010&#8243; has_top_shape_divider=&#8220;true&#8220; top_shape_size=&#8220;small&#8220; top_shape_color=&#8220;#eeeeee&#8220; top_shape_bg_color=&#8220;#101010&#8243; bottom_shape_color=&#8220;#ffffff&#8220; sidebar=&#8220;sidebar-1&#8243;][vc_column][mk_padding_divider size=&#8220;60&#8243; visibility=&#8220;visible-sm&#8220;][mk_padding_divider size=&#8220;60&#8243; visibility=&#8220;hidden-sm&#8220;][mk_fancy_title color=&#8220;#fbcf00&#8243; size=&#8220;54&#8243; force_font_size=&#8220;true&#8220; size_tablet=&#8220;50&#8243; size_phone=&#8220;30&#8243; font_weight=&#8220;bold&#8220; margin_bottom=&#8220;0&#8243; font_family=&#8220;none&#8220; align=&#8220;center&#8220;]Vermietung von Fahrzeugen[\/mk_fancy_title][mk_fancy_title color=&#8220;#fbcf00&#8243; size=&#8220;20&#8243; font_family=&#8220;none&#8220; align=&#8220;center&#8220;]Was ben\u00f6tigen Sie? Fordern Sie einen Kostenvoranschlag f\u00fcr die Vermietung an.[\/mk_fancy_title][mk_button dimension=&#8220;outline&#8220; corner_style=&#8220;rounded&#8220; size=&#8220;large&#8220; url=&#8220;\/de\/kontakte\/#contatti&#8220; align=&#8220;center&#8220; margin_top=&#8220;15&#8243; margin_right=&#8220;0&#8243; outline_skin=&#8220;custom&#8220; outline_active_color=&#8220;#fbcf00&#8243; outline_active_text_color=&#8220;#fbcf00&#8243; outline_hover_color=&#8220;#101010&#8243;]Fordern Sie Informationen an.[\/mk_button][mk_padding_divider size=&#8220;150&#8243; visibility=&#8220;hidden-sm&#8220;][vc_column_text][\/vc_column_text][\/vc_column][\/mk_page_section]\n","protected":false},"excerpt":{"rendered":"<p>[mk_page_section bg_image=&#8220;http:\/\/wordpress.p379882.webspaceconfig.de\/wp-content\/uploads\/2015\/12\/testata-azienda-2.jpg&#8220; bg_color=&#8220;#1c1c1f&#8220; bg_position=&#8220;center top&#8220; bg_repeat=&#8220;no-repeat&#8220; bg_stretch=&#8220;true&#8220; enable_3d=&#8220;true&#8220; video_color_mask=&#8220;#000000&#8243; min_height=&#8220;500&#8243; js_vertical_centered=&#8220;true&#8220; sidebar=&#8220;sidebar-1&#8243;][vc_column][mk_fancy_title color=&#8220;#ffffff&#8220; size=&#8220;78&#8243; force_font_size=&#8220;true&#8220; size_tablet=&#8220;50&#8243; font_weight=&#8220;bold&#8220; txt_transform=&#8220;uppercase&#8220; letter_spacing=&#8220;10&#8243; margin_bottom=&#8220;0&#8243; font_family=&#8220;none&#8220; align=&#8220;center&#8220;]Unternehmen[\/mk_fancy_title][\/vc_column][\/mk_page_section][vc_row][vc_column][mk_padding_divider size=&#8220;150&#8243; visibility=&#8220;hidden-sm&#8220;][mk_padding_divider size=&#8220;60&#8243; visibility=&#8220;visible-sm&#8220;][mk_fancy_title color=&#8220;#101010&#8243; size=&#8220;54&#8243; force_font_size=&#8220;true&#8220; size_tablet=&#8220;50&#8243; size_phone=&#8220;30&#8243; font_weight=&#8220;bold&#8220; margin_bottom=&#8220;0&#8243; font_family=&#8220;none&#8220; align=&#8220;center&#8220;]Die Schweiz und ganz Europa waren sich noch nie so nah.[\/mk_fancy_title][mk_padding_divider size=&#8220;60&#8243;][vc_row_inner][vc_column_inner][vc_column_text disable_pattern=&#8220;false&#8220;]Dank eines Fuhrparks mit mehr als 150 Hebe- und [&hellip;]<\/p>\n","protected":false},"author":1,"featured_media":0,"parent":0,"menu_order":0,"comment_status":"closed","ping_status":"closed","template":"","meta":[],"yoast_head":"<!-- This site is optimized with the Yoast SEO plugin v19.9 - https:\/\/yoast.com\/wordpress\/plugins\/seo\/ -->\n<title>Sabesa AG - Unternehmen - Seit mehr als 40 Jahren unterwegs<\/title>\n<meta name=\"description\" content=\"Dank eines Fuhrparks mit mehr als 150 Hebe- und Transportfahrzeugen sowie eines Teams, das aus 60 hoch qualifizierten Fachleuten besteht, k\u00f6nnen wir in jeder Situation t\u00e4tig werden, von der einfachsten bis zur komplexesten Situation.\" \/>\n<meta name=\"robots\" content=\"index, follow, max-snippet:-1, max-image-preview:large, max-video-preview:-1\" \/>\n<link rel=\"canonical\" href=\"https:\/\/www.sabesa.ch\/de\/unternehmen-sabesa-ag\/\" \/>\n<meta property=\"og:locale\" content=\"de_DE\" \/>\n<meta property=\"og:type\" content=\"article\" \/>\n<meta property=\"og:title\" content=\"Sabesa AG - Unternehmen - Seit mehr als 40 Jahren unterwegs\" \/>\n<meta property=\"og:description\" content=\"Dank eines Fuhrparks mit mehr als 150 Hebe- und Transportfahrzeugen sowie eines Teams, das aus 60 hoch qualifizierten Fachleuten besteht, k\u00f6nnen wir in jeder Situation t\u00e4tig werden, von der einfachsten bis zur komplexesten Situation.\" \/>\n<meta property=\"og:url\" content=\"https:\/\/www.sabesa.ch\/de\/unternehmen-sabesa-ag\/\" \/>\n<meta property=\"og:site_name\" content=\"Sabesa SA\" \/>\n<meta property=\"article:publisher\" content=\"https:\/\/www.facebook.com\/sabesa.SA\/?fref=ts\" \/>\n<meta property=\"article:modified_time\" content=\"2022-10-03T13:20:06+00:00\" \/>\n<meta name=\"twitter:card\" content=\"summary_large_image\" \/>\n<meta name=\"twitter:label1\" content=\"Gesch\u00e4tzte Lesezeit\" \/>\n\t<meta name=\"twitter:data1\" content=\"2\u00a0Minuten\" \/>\n<script type=\"application\/ld+json\" class=\"yoast-schema-graph\">{\"@context\":\"https:\/\/schema.org\",\"@graph\":[{\"@type\":\"WebPage\",\"@id\":\"https:\/\/www.sabesa.ch\/de\/unternehmen-sabesa-ag\/\",\"url\":\"https:\/\/www.sabesa.ch\/de\/unternehmen-sabesa-ag\/\",\"name\":\"Sabesa AG - Unternehmen - Seit mehr als 40 Jahren unterwegs\",\"isPartOf\":{\"@id\":\"https:\/\/www.sabesa.ch\/#website\"},\"datePublished\":\"2019-10-01T10:22:21+00:00\",\"dateModified\":\"2022-10-03T13:20:06+00:00\",\"description\":\"Dank eines Fuhrparks mit mehr als 150 Hebe- und Transportfahrzeugen sowie eines Teams, das aus 60 hoch qualifizierten Fachleuten besteht, k\u00f6nnen wir in jeder Situation t\u00e4tig werden, von der einfachsten bis zur komplexesten Situation.\",\"breadcrumb\":{\"@id\":\"https:\/\/www.sabesa.ch\/de\/unternehmen-sabesa-ag\/#breadcrumb\"},\"inLanguage\":\"de\",\"potentialAction\":[{\"@type\":\"ReadAction\",\"target\":[\"https:\/\/www.sabesa.ch\/de\/unternehmen-sabesa-ag\/\"]}]},{\"@type\":\"BreadcrumbList\",\"@id\":\"https:\/\/www.sabesa.ch\/de\/unternehmen-sabesa-ag\/#breadcrumb\",\"itemListElement\":[{\"@type\":\"ListItem\",\"position\":1,\"name\":\"Home\",\"item\":\"https:\/\/www.sabesa.ch\/de\/\"},{\"@type\":\"ListItem\",\"position\":2,\"name\":\"Unternehmen\"}]},{\"@type\":\"WebSite\",\"@id\":\"https:\/\/www.sabesa.ch\/#website\",\"url\":\"https:\/\/www.sabesa.ch\/\",\"name\":\"Sabesa SA\",\"description\":\"Trasportiamo soluzioni - trasporti eccezionali Ticino\",\"publisher\":{\"@id\":\"https:\/\/www.sabesa.ch\/#organization\"},\"potentialAction\":[{\"@type\":\"SearchAction\",\"target\":{\"@type\":\"EntryPoint\",\"urlTemplate\":\"https:\/\/www.sabesa.ch\/?s={search_term_string}\"},\"query-input\":\"required name=search_term_string\"}],\"inLanguage\":\"de\"},{\"@type\":\"Organization\",\"@id\":\"https:\/\/www.sabesa.ch\/#organization\",\"name\":\"Sabesa SA\",\"alternateName\":\"Trasporti eccezionali, noleggio autogru e navicelle\",\"url\":\"https:\/\/www.sabesa.ch\/\",\"logo\":{\"@type\":\"ImageObject\",\"inLanguage\":\"de\",\"@id\":\"https:\/\/www.sabesa.ch\/#\/schema\/logo\/image\/\",\"url\":\"https:\/\/www.sabesa.ch\/wp-content\/uploads\/2016\/10\/logo-sabesa-small.png\",\"contentUrl\":\"https:\/\/www.sabesa.ch\/wp-content\/uploads\/2016\/10\/logo-sabesa-small.png\",\"width\":137,\"height\":58,\"caption\":\"Sabesa SA\"},\"image\":{\"@id\":\"https:\/\/www.sabesa.ch\/#\/schema\/logo\/image\/\"},\"sameAs\":[\"https:\/\/www.youtube.com\/channel\/UCq9eXNGI3lx4qvs01rUZAwQ\",\"https:\/\/www.facebook.com\/sabesa.SA\/?fref=ts\"]}]}<\/script>\n<!-- \/ Yoast SEO plugin. -->","yoast_head_json":{"title":"Sabesa AG - Unternehmen - Seit mehr als 40 Jahren unterwegs","description":"Dank eines Fuhrparks mit mehr als 150 Hebe- und Transportfahrzeugen sowie eines Teams, das aus 60 hoch qualifizierten Fachleuten besteht, k\u00f6nnen wir in jeder Situation t\u00e4tig werden, von der einfachsten bis zur komplexesten Situation.","robots":{"index":"index","follow":"follow","max-snippet":"max-snippet:-1","max-image-preview":"max-image-preview:large","max-video-preview":"max-video-preview:-1"},"canonical":"https:\/\/www.sabesa.ch\/de\/unternehmen-sabesa-ag\/","og_locale":"de_DE","og_type":"article","og_title":"Sabesa AG - Unternehmen - Seit mehr als 40 Jahren unterwegs","og_description":"Dank eines Fuhrparks mit mehr als 150 Hebe- und Transportfahrzeugen sowie eines Teams, das aus 60 hoch qualifizierten Fachleuten besteht, k\u00f6nnen wir in jeder Situation t\u00e4tig werden, von der einfachsten bis zur komplexesten Situation.","og_url":"https:\/\/www.sabesa.ch\/de\/unternehmen-sabesa-ag\/","og_site_name":"Sabesa SA","article_publisher":"https:\/\/www.facebook.com\/sabesa.SA\/?fref=ts","article_modified_time":"2022-10-03T13:20:06+00:00","twitter_card":"summary_large_image","twitter_misc":{"Gesch\u00e4tzte Lesezeit":"2\u00a0Minuten"},"schema":{"@context":"https:\/\/schema.org","@graph":[{"@type":"WebPage","@id":"https:\/\/www.sabesa.ch\/de\/unternehmen-sabesa-ag\/","url":"https:\/\/www.sabesa.ch\/de\/unternehmen-sabesa-ag\/","name":"Sabesa AG - Unternehmen - Seit mehr als 40 Jahren unterwegs","isPartOf":{"@id":"https:\/\/www.sabesa.ch\/#website"},"datePublished":"2019-10-01T10:22:21+00:00","dateModified":"2022-10-03T13:20:06+00:00","description":"Dank eines Fuhrparks mit mehr als 150 Hebe- und Transportfahrzeugen sowie eines Teams, das aus 60 hoch qualifizierten Fachleuten besteht, k\u00f6nnen wir in jeder Situation t\u00e4tig werden, von der einfachsten bis zur komplexesten Situation.","breadcrumb":{"@id":"https:\/\/www.sabesa.ch\/de\/unternehmen-sabesa-ag\/#breadcrumb"},"inLanguage":"de","potentialAction":[{"@type":"ReadAction","target":["https:\/\/www.sabesa.ch\/de\/unternehmen-sabesa-ag\/"]}]},{"@type":"BreadcrumbList","@id":"https:\/\/www.sabesa.ch\/de\/unternehmen-sabesa-ag\/#breadcrumb","itemListElement":[{"@type":"ListItem","position":1,"name":"Home","item":"https:\/\/www.sabesa.ch\/de\/"},{"@type":"ListItem","position":2,"name":"Unternehmen"}]},{"@type":"WebSite","@id":"https:\/\/www.sabesa.ch\/#website","url":"https:\/\/www.sabesa.ch\/","name":"Sabesa SA","description":"Trasportiamo soluzioni - trasporti eccezionali Ticino","publisher":{"@id":"https:\/\/www.sabesa.ch\/#organization"},"potentialAction":[{"@type":"SearchAction","target":{"@type":"EntryPoint","urlTemplate":"https:\/\/www.sabesa.ch\/?s={search_term_string}"},"query-input":"required name=search_term_string"}],"inLanguage":"de"},{"@type":"Organization","@id":"https:\/\/www.sabesa.ch\/#organization","name":"Sabesa SA","alternateName":"Trasporti eccezionali, noleggio autogru e navicelle","url":"https:\/\/www.sabesa.ch\/","logo":{"@type":"ImageObject","inLanguage":"de","@id":"https:\/\/www.sabesa.ch\/#\/schema\/logo\/image\/","url":"https:\/\/www.sabesa.ch\/wp-content\/uploads\/2016\/10\/logo-sabesa-small.png","contentUrl":"https:\/\/www.sabesa.ch\/wp-content\/uploads\/2016\/10\/logo-sabesa-small.png","width":137,"height":58,"caption":"Sabesa SA"},"image":{"@id":"https:\/\/www.sabesa.ch\/#\/schema\/logo\/image\/"},"sameAs":["https:\/\/www.youtube.com\/channel\/UCq9eXNGI3lx4qvs01rUZAwQ","https:\/\/www.facebook.com\/sabesa.SA\/?fref=ts"]}]}},"_links":{"self":[{"href":"https:\/\/www.sabesa.ch\/de\/wp-json\/wp\/v2\/pages\/8636"}],"collection":[{"href":"https:\/\/www.sabesa.ch\/de\/wp-json\/wp\/v2\/pages"}],"about":[{"href":"https:\/\/www.sabesa.ch\/de\/wp-json\/wp\/v2\/types\/page"}],"author":[{"embeddable":true,"href":"https:\/\/www.sabesa.ch\/de\/wp-json\/wp\/v2\/users\/1"}],"replies":[{"embeddable":true,"href":"https:\/\/www.sabesa.ch\/de\/wp-json\/wp\/v2\/comments?post=8636"}],"version-history":[{"count":3,"href":"https:\/\/www.sabesa.ch\/de\/wp-json\/wp\/v2\/pages\/8636\/revisions"}],"predecessor-version":[{"id":8999,"href":"https:\/\/www.sabesa.ch\/de\/wp-json\/wp\/v2\/pages\/8636\/revisions\/8999"}],"wp:attachment":[{"href":"https:\/\/www.sabesa.ch\/de\/wp-json\/wp\/v2\/media?parent=8636"}],"curies":[{"name":"wp","href":"https:\/\/api.w.org\/{rel}","templated":true}]}}