{"id":8854,"date":"2019-10-01T15:05:48","date_gmt":"2019-10-01T13:05:48","guid":{"rendered":"http:\/\/www.sabesa.ch\/?page_id=8854"},"modified":"2019-10-01T15:36:18","modified_gmt":"2019-10-01T13:36:18","slug":"datenschutzrichtlinie","status":"publish","type":"page","link":"https:\/\/www.sabesa.ch\/de\/datenschutzrichtlinie\/","title":{"rendered":"Datenschutzrichtlinie"},"content":{"rendered":"<p>Gem\u00e4ss dem Bundesgesetz \u00fcber den Datenschutz (DSG) der Schweizerischen Eidgenossenschaft sowie unter vollst\u00e4ndiger Einhaltung der Vorschriften der DSGVO der Europ\u00e4ischen Union im Bereich des Schutzes personenbezogener Daten und zum Schutz Ihrer Privatsph\u00e4re bitten wir Sie, die Rechtsvorschriften bez\u00fcglich unserer Website www.sabesa.ch zu lesen. F\u00fcr Fragen oder Kl\u00e4rungen stehen wir Ihnen zur Verf\u00fcgung.<\/p>\n<p>Mit der Nutzung der Dienste der Website stimmen Sie der Verarbeitung der Daten auf der Grundlage der am Anfang des vorliegenden Dokuments genannten Rechtsvorschriften zu.<\/p>\n<h2><strong>Inhaltsverzeichnis<\/strong><\/h2>\n<ol>\n<li><a href=\"#gdpr-definitions\">In der Richtlinie verwendete Definitionen<\/a><\/li>\n<li><a href=\"#gdpr-principles\">Methode des Datenschutzes<\/a><\/li>\n<li><a href=\"#gdpr-rights\">Rechte der betroffenen Person<\/a><\/li>\n<li><a href=\"#gdpr-information\">Welche personenbezogenen Daten d\u00fcrfen wir von Ihnen einholen?<\/a><\/li>\n<li><a href=\"#gdpr-processing\">Wie verwenden wir Ihre personenbezogenen Daten?<\/a><\/li>\n<li><a href=\"#gdpr-sharing\">Wer hat sonst Zugriff auf Ihre Daten?<\/a><\/li>\n<li><a href=\"#gdpr-security\">Wie sichern wir Ihre Daten?<\/a><\/li>\n<li><a href=\"#gdpr-cookies\">Informationen \u00fcber Cookies<\/a><\/li>\n<li><a href=\"#gdpr-contact\">Kontaktdaten<\/a><\/li>\n<\/ol>\n<h2><\/h2>\n<h2><strong>In der Richtlinie verwendete Definitionen<\/strong><\/h2>\n<p><strong>Personenbezogene Daten<\/strong>: Alle Informationen, die sich auf eine identifizierte oder identifizierbare nat\u00fcrliche Person beziehen.<br \/>\n<strong>Verarbeitung<\/strong>: Jeder Vorgang oder jede Vorgangsreihe, der bzw. die im Zusammenhang mit personenbezogenen Daten oder einem Satz an personenbezogenen Daten durchgef\u00fchrt wird.<br \/>\n<strong>Betroffene Person<\/strong>: Eine nat\u00fcrliche Person, deren personenbezogene Daten verarbeitet werden.<br \/>\n<strong>Kind<\/strong>: Eine nat\u00fcrliche Person unter 16 Jahren.<br \/>\n<strong>Wir:<\/strong> (sowohl gross als auch klein geschrieben): Sabesa SA<\/p>\n<p><strong>Methode des Datenschutzes<\/strong><\/p>\n<p>Datenschutzgrunds\u00e4tze<\/p>\n<p>Wir verpflichten uns zur Einhaltung der folgenden Datenschutzgrunds\u00e4tze:<\/p>\n<ul>\n<li>Die Verarbeitung der personenbezogenen Daten erfolgt in rechtm\u00e4ssiger, angemessener und transparenter Weise. Unsere Verarbeitungst\u00e4tigkeiten beruhen auf rechtm\u00e4ssigen Gr\u00fcnden. Vor der Verarbeitung der personenbezogenen Daten betrachten wir immer Ihre Rechte. Auf Verlangen stellen wir Informationen bez\u00fcglich der Verarbeitung dieser Daten zur Verf\u00fcgung.<\/li>\n<li>Unsere Verarbeitungst\u00e4tigkeiten entsprechen dem Zweck, f\u00fcr den die personenbezogenen Daten erhoben wurden.<\/li>\n<li>Wir erheben und verarbeiten nur die Mindestmenge an personenbezogenen Daten, die f\u00fcr den jeweiligen Zweck notwendig sind.<\/li>\n<li>Die Verarbeitung ist auf einen festgelegten Zeitraum begrenzt. Wir wollen Ihre personenbezogenen Daten nicht l\u00e4nger als notwendig archivieren.<\/li>\n<li>Wir wollen uns nach besten Kr\u00e4ften bem\u00fchen, die Genauigkeit Ihrer Daten zu garantieren.<\/li>\n<li>Wir wollen uns nach besten Kr\u00e4ften bem\u00fchen, die Integrit\u00e4t und Vertraulichkeit Ihrer Daten zu garantieren.<\/li>\n<\/ul>\n<h2><\/h2>\n<h2><strong>Rechte der betroffenen Person<\/strong><\/h2>\n<p>Die betroffene Person hat die folgenden Rechte:<\/p>\n<p>1) <strong>Recht auf Auskunft <\/strong> &#8211; Auf Verlangen erh\u00e4lt sie jederzeit Auskunft dar\u00fcber, welche Daten erhoben werden, wo sich diese befinden und von wem diese verarbeitet werden..<\/p>\n<p>2) <strong>Recht auf Zugang <\/strong> -Der Inhaber der Daten hat das Recht, auf seine Daten zuzugreifen, die von unserer Website erhoben wurden.<\/p>\n<p>3) <strong>Recht auf Berichtigung<\/strong>: Dies bedeutet, dass der Benutzer das Recht hat, seine unrichtigen oder unvollst\u00e4ndigen personenbezogenen Daten anzufordern oder mitzuteilen.<\/p>\n<p>4) <strong>Recht auf L\u00f6schung<\/strong>: Unter bestimmten Umst\u00e4nden kann die L\u00f6schung der eigenen personenbezogenen Daten verlangt werden.<\/p>\n<p>5) <strong>Recht auf Beschr\u00e4nkung der Verarbeitung<\/strong>: In den gem\u00e4ss der DSGVO vorgesehenen F\u00e4llen besteht das Recht auf Beschr\u00e4nkung der Verarbeitung der personenbezogenen Daten.<\/p>\n<p>6) <strong>Recht, der Verarbeitung zu widersprechen<\/strong>: In einigen F\u00e4llen besteht ein Widerspruchsrecht (wie im Falle des Direktmarketings, z. B. Versand von Werbe-E-Mails).<\/p>\n<p>7) <strong>Recht, der automatisierten Verarbeitung zu widersprechen<\/strong>: Dies umfasst das Recht, der automatisierten Datenverarbeitung, einschliesslich Profiling, zu widersprechen.<\/p>\n<p>8) <strong>Recht auf Daten\u00fcbertragbarkeit<\/strong>: Jeder hat das Recht, seine personenbezogenen Daten zu erhalten, um diese auf einen anderen Betreiber zu \u00fcbertragen.<\/p>\n<p>9) <strong>Recht, Beschwerde einzulegen<\/strong>: Dieses Recht besteht, wenn wir einen Antrag bez\u00fcglich der sensiblen Daten im Sinne des geltenden Rechts ablehnen. Im Falle eines Problems bez\u00fcglich unserer Methode der Datenverarbeitung bitten wir Sie, uns zu kontaktieren, um das Problem zu beheben.<\/p>\n<p>10) <strong>Recht, sich an die Aufsichtsbeh\u00f6rde zu wenden<\/strong> &#8211; sowie das Recht, sich an eine Justizbeh\u00f6rde zu wenden<\/p>\n<p>11) <strong>Recht auf Widerruf der Einwilligung<\/strong> in die Verarbeitung der personenbezogenen Daten.<\/p>\n<p>12) <strong>DRecht auf das Verbot der Verarbeitung der Daten von Minderj\u00e4hrigen unter 14 Jahren<\/strong>, es sei denn, es liegt die notwendige begr\u00fcndete Einwilligung der Eltern vor.<\/p>\n<p>13) <strong>Recht auf Vererbung der Daten<\/strong>, zugunsten der Erben, falls der Inhaber verstirbt.<\/p>\n<p>&nbsp;<\/p>\n<h2><strong>Welche personenbezogenen Daten d\u00fcrfen wir von Ihnen einholen?<\/strong><\/h2>\n<p><strong>Informationen, die Sie uns zur Verf\u00fcgung gestellt haben<\/strong><\/p>\n<p>Bei diesen Informationen kann es sich um Ihre E-Mail-Adresse, Ihren Namen, die Rechnungsanschrift, die Wohnanschrift etc. handeln; grunds\u00e4tzlich sind alle Informationen umfasst, die notwendig sind, um Ihnen ein Produkt zu liefern\/eine Dienstleistung f\u00fcr Sie zu erbringen, und die ausdr\u00fccklich f\u00fcr den Kauf eines Produkts oder einer Dienstleistung oder f\u00fcr die Verbesserung Ihrer Erfahrung mit uns verlangt werden. Wir speichern die Informationen.<\/p>\n<p>Gegenw\u00e4rtig erheben wir Kontaktdaten sowohl \u00fcber unsere E-Mails als auch \u00fcber das Kontaktformular auf der Internetseite <a href=\"\/?page_id=8851\">http:\/\/www.sabesa.ch\/de\/kontakte<\/a> .<\/p>\n<p><strong>Automatisch erhobene Informationen \u00fcber Sie<\/strong><br \/>\nDiese Informationen umfassen alle Informationen, die automatisch von Cookies oder sonstigen Sitzungsinstrumenten gespeichert werden (z. B. die IP-Adresse). Diese Informationen werden zur Verbesserung der Benutzererfahrung verwendet. Wenn Sie unsere Dienste in Anspruch nehmen oder die Inhalte unserer Website ansehen, k\u00f6nnen die T\u00e4tigkeiten registriert werden; dies kann auch durch technische Cookies von Dritten geschehen, die nicht von uns abh\u00e4ngig sind. Weitere Informationen \u00fcber Cookies finden Sie in unserer Cookie-Policy.<\/p>\n<h2><\/h2>\n<h2><strong>Wie verwenden wir Ihre personenbezogenen Daten?<\/strong><\/h2>\n<p>Wir verwenden Ihre personenbezogenen Daten f\u00fcr:<\/p>\n<ul>\n<li>die Erbringung unserer Dienstleistung. Dies umfasst beispielsweise die Registrierung Ihres Kontos; die Bereitstellung weiterer Produkte und Dienstleistungen, die Sie angefordert haben; auf Ihr Verlangen die Bereitstellung von Werbeartikeln und die Kommunikation mit Ihnen in Bezug auf diese Produkte und Dienstleistungen; die Mitteilung und Interaktion mit Ihnen; die Mitteilung von \u00c4nderungen einer Dienstleistung.<\/li>\n<li>die Verbesserung Ihres Navigationserlebnisses.<\/li>\n<li>die Erf\u00fcllung einer gesetzlich oder vertraglich vorgesehenen Pflicht.<\/li>\n<\/ul>\n<p>Auf jeden Fall verwenden wir Ihre personenbezogenen Daten nur, wenn berechtigte Gr\u00fcnde und\/oder Ihre Einwilligung vorliegen.<\/p>\n<p>Aus Gr\u00fcnden im Zusammenhang mit dem Abschluss eines Vertrags oder der Erf\u00fcllung einer vertraglichen Verpflichtung verarbeiten wir Ihre personenbezogenen Daten f\u00fcr die folgenden Zwecke:<\/p>\n<ul>\n<li>Ihre Identifizierung;<\/li>\n<li>die Erbringung einer Dienstleistung oder die Zusendung\/das Angebot eines Produkts;<\/li>\n<li>Kommunikation in Bezug auf Verk\u00e4ufe oder die Rechnungsstellung oder Fragen im Zusammenhang mit den erbrachten Dienstleistungen und den entsprechenden wirtschaftlichen Transaktionen.<\/li>\n<\/ul>\n<p>Wenn ein berechtigtes Interesse besteht, k\u00f6nnen wir Ihre personenbezogenen Daten f\u00fcr die folgenden Zwecke verwenden:<\/p>\n<ul>\n<li>die Zusendung personalisierter Angebote (von uns und\/oder unseren Partnern, die wir sorgf\u00e4ltig ausw\u00e4hlen);<\/li>\n<li>die Verwaltung und Analyse unseres Kundenstamms (Verhalten und Kaufhistorie), um die Qualit\u00e4t, die Vielfalt und die Verf\u00fcgbarkeit der angebotenen\/gelieferten bzw. erbrachten Produkte und Dienstleistungen zu verbessern;<\/li>\n<li>die Durchf\u00fchrung von Befragungen bez\u00fcglich der Kundenzufriedenheit.<\/li>\n<\/ul>\n<p>Wenn Sie uns nicht etwas anderes mitgeteilt haben, werden wir Ihnen Produkte\/Dienstleistungen empfehlen, die Ihrer Kaufhistorie\/Ihrem Navigationsverhalten entsprechen oder mit dieser\/diesem vergleichbar sind.<\/p>\n<p>Mit Ihrer Einwilligung verarbeiten wir Ihre personenbezogenen Daten f\u00fcr die folgenden Zwecke:<\/p>\n<ul>\n<li>die Zusendung von Newslettern und Sonderangeboten (von uns und\/oder unseren Partnern sorgf\u00e4ltig ausgew\u00e4hlt);<\/li>\n<li>wir haben Ihre Einwilligung f\u00fcr andere Zwecke eingeholt<\/li>\n<\/ul>\n<p>Ausserhalb der Zwecke dieser Richtlinie verwenden wir Ihre Daten nur, wenn diese anonymisiert werden.<\/p>\n<p>Wir d\u00fcrfen Ihre personenbezogenen Daten f\u00fcr weitere Zwecke verarbeiten, die in dieser Richtlinie nicht aufgef\u00fchrt sind, die jedoch mit dem urspr\u00fcnglichen Zweck, f\u00fcr den die Daten erhoben wurden, vereinbar sind. Diesbez\u00fcglich vergewissern wir uns, dass:<\/p>\n<ul>\n<li>die Verbindung zwischen Zweck, Kontext und Art der personenbezogenen Daten f\u00fcr die weiteren Verarbeitungen angemessen ist;<\/li>\n<li>die weitere Verarbeitung nicht zu einer Beeintr\u00e4chtigung Ihrer Interessen f\u00fchrt;<\/li>\n<li>der Schutz Ihres Rechts auf Privatsph\u00e4re auf jeden Fall gewahrt wird.<\/li>\n<\/ul>\n<p>Wir werden Ihnen jede weitere Verarbeitung und deren Zweck rechtzeitig mitteilen.<\/p>\n<p>&nbsp;<\/p>\n<h2><strong>Wer hat sonst Zugriff auf Ihre Daten?<\/strong><\/h2>\n<p>Wir geben Ihre personenbezogenen Daten nicht an Fremde weiter. In einigen F\u00e4llen werden die personenbezogenen Daten des Benutzers an Partner unseres Vertrauens weitergegeben, um die Erbringung der Dienstleistung zu erm\u00f6glichen oder die Erfahrung des Kunden zu verbessern. Wir geben Ihre Daten weiter an:<\/p>\n<p><strong>Unsere Partner f\u00fcr die Datenanalyse:<\/strong><\/p>\n<ul>\n<li>Gegenw\u00e4rtig geben wir die Analytics-Daten (vollst\u00e4ndig anonymisiert) an die Svega sagl, Via Chiosso 15, 6948 Porza, weiter.<\/li>\n<\/ul>\n<p>&nbsp;<\/p>\n<ul>\n<li>AWeitere anonyme Daten k\u00f6nnen \u00fcber den Zugang zum Backend unserer Website durch Clublab sagl, Via Serafino Balestra 7, 6900 Lugano, angesehen werden<\/li>\n<\/ul>\n<p><strong>Unsere Gesch\u00e4ftspartner:<\/strong><\/p>\n<p>Gegenw\u00e4rtig geben wir keine Daten an Gesch\u00e4ftspartner weiter.<\/p>\n<p><strong>Tools Dritter:<\/strong><\/p>\n<ul>\n<li><strong>Google Analytics<\/strong><\/li>\n<\/ul>\n<p>Wir verwenden Google Analytics, um den Verkehr auf unserer Website zu messen. Google verf\u00fcgt \u00fcber eine Datenschutzpolitik, die Sie hier einsehen k\u00f6nnen (<a href=\"https:\/\/www.google.com\/analytics\/terms\/us.html\">https:\/\/www.google.com\/analytics\/terms\/us.html<\/a> ). Wenn Sie die R\u00fcckverfolgung von Google Analytics deaktivieren m\u00f6chten, gehen Sie auf die Deaktivierungsseite von Google Analytics (Google Analytics Opt-Out Page, <a href=\"https:\/\/developers.google.com\/analytics\/devguides\/collection\/analyticsjs\/user-opt-out\">https:\/\/developers.google.com\/analytics\/devguides\/collection\/analyticsjs\/user-opt-out<\/a> ).<\/p>\n<p>In Bezug auf die Verarbeitung arbeiten wir nur mit Partnern zusammen, die ein angemessenes Schutzniveau f\u00fcr die personenbezogenen Daten gew\u00e4hrleisten k\u00f6nnen. Wir geben Ihre personenbezogenen Daten an Dritte oder Beamte weiter, wenn wir gesetzlich dazu verpflichtet sind. Wir d\u00fcrfen Ihre personenbezogenen Daten an Dritte weitergeben, wenn Sie zugestimmt haben oder wenn sonstige rechtliche Gr\u00fcnde daf\u00fcr vorliegen.<\/p>\n<p>&nbsp;<\/p>\n<h2><strong>Wie sichern wir Ihre Daten?<\/strong><\/h2>\n<p>Wir werden uns nach besten Kr\u00e4ften bem\u00fchen, die Sicherheit Ihrer personenbezogenen Daten zu wahren. Wir anonymisieren und pseudonymisieren die Daten, soweit dies angemessen ist. Wir \u00fcberwachen unsere Systeme auf m\u00f6gliche Schwachstellen und Angriffe.<\/p>\n<p>Auch wenn wir uns nach besten Kr\u00e4ften bem\u00fchen, k\u00f6nnen wir die Sicherheit der Informationen nicht garantieren. Wir verpflichten uns jedoch, die zust\u00e4ndigen Beh\u00f6rden \u00fcber Verst\u00f6sse gegen den Datenschutz zu informieren. Zudem werden wir Sie informieren, wenn eine Gefahr f\u00fcr Ihre Rechte oder Interessen besteht. Wir werden alles tun, was nach vern\u00fcnftigem Ermessen m\u00f6glich ist, um Verst\u00f6sse gegen die Sicherheit zu verhindern und die Beh\u00f6rden f\u00fcr den Fall von Verst\u00f6ssen zu unterst\u00fctzen.<\/p>\n<p>Wenn Sie \u00fcber ein Konto bei uns verf\u00fcgen, achten Sie bitte darauf, dass Sie Ihren Benutzernamen und Ihr Passwort geheim halten.<\/p>\n<p>&nbsp;<\/p>\n<h2><strong>Kinder<\/strong><\/h2>\n<p>Wir haben nicht die Absicht, Informationen von Kindern einzuholen oder solche Informationen bewusst einzuholen. Wir lenken Kinder nicht zu unseren Dienstleistungen.<\/p>\n<p>&nbsp;<\/p>\n<h2><strong>Cookies <\/strong><\/h2>\n<p>Wir verwenden Cookies und\/oder \u00e4hnliche Technologien, um das Kundenverhalten zu analysieren, die Website zu verwalten, die Bewegungen der Nutzer zu verfolgen und Informationen \u00fcber die Nutzer zu erheben. Dies geschieht zum Zweck der Personalisierung und Verbesserung Ihrer Erfahrung mit uns.<\/p>\n<p>Bei einem Cookie handelt es sich um eine kleine Textdatei, die auf Ihrem Computer gespeichert wird. Cookies speichern Informationen, die verwendet werden, um das Funktionieren der Websites zu unterst\u00fctzen. Nur wir k\u00f6nnen auf Cookies zugreifen, die von unserer Website erstellt werden. Sie k\u00f6nnen Ihre Cookies auf Browser-Ebene kontrollieren. Wenn Sie sich entscheiden, Cookies zu deaktivieren, kann dies die Nutzung bestimmter Funktionen beeintr\u00e4chtigen.<\/p>\n<p><strong>Wir verwenden Cookies f\u00fcr die folgenden Zwecke:<\/strong><\/p>\n<ul>\n<li>Notwendige Cookies: Diese Cookies sind notwendig, um einige wichtige Funktionen auf unserer Website nutzen zu k\u00f6nnen, wie beispielsweise den Zugang. Diese Cookies erheben keine personenbezogenen Informationen.<\/li>\n<li>Funktions-Cookies: Diese Cookies stellen Funktionen bereit, welche die Nutzung des Dienstes vereinfachen und st\u00e4rker personalisierte Funktionen erm\u00f6glichen. Sie k\u00f6nnen sich beispielsweise Ihren Namen und Ihre E-Mail-Adresse in den Kommentarfeldern \u201emerken\u201c, so dass Sie diese Informationen nicht erneut eingeben m\u00fcssen, wenn Sie das n\u00e4chste Mal einen Kommentar abgeben.<\/li>\n<li>Analyse-Cookies: Diese Cookies werden verwendet, um die Nutzung und die Leistungen unserer Website und unserer Dienste nachzuverfolgen.<\/li>\n<li>Werbe-Cookies: Diese Cookies werden verwendet, um f\u00fcr Sie und Ihre Interessen relevante Anzeigen zu schalten. Zudem werden sie verwendet, um die H\u00e4ufigkeit zu beschr\u00e4nken, mit der Sie eine Anzeige sehen. Sie werden normalerweise von Werbenetzwerken mit der Zustimmung des Website-Betreibers auf der Website platziert. Die Cookies \u201emerken\u201c sich Ihren Besuch auf einer Website und teilen diese Informationen anderen Organisationen, wie den Inserenten, mit. Targeting- oder Werbe-Cookies werden h\u00e4ufig mit den von einer anderen Organisation zur Verf\u00fcgung gestellten Funktionen der Website verbunden.<\/li>\n<\/ul>\n<p>Sie k\u00f6nnen die auf Ihrem Computer gespeicherten Cookies in Ihren Browser-Einstellungen l\u00f6schen. Alternativ k\u00f6nnen Sie einige Cookies von Dritten \u00fcber eine Plattform zur Verbesserung des Datenschutzes kontrollieren, wie beispielsweise <a href=\"http:\/\/optout.aboutads.info\/#!\/\">optout.aboutads.info<\/a> oder <a href=\"http:\/\/www.youronlinechoices.com\/\">youronlinechoices.com<\/a>. Weitere Informationen \u00fcber Cookies finden Sie unter <a href=\"http:\/\/www.allaboutcookies.org\">allaboutcookies.org<\/a>.<\/p>\n<p>&nbsp;<\/p>\n<h2><strong>Kontaktdaten<\/strong><\/h2>\n<p>F\u00fcr die Verarbeitung der Daten der <a href=\"http:\/\/www.sabesa.ch\">www.sabesa.ch<\/a> ist das Unternehmen SABESA SA, mit Anschrift in Via Cantonale 107, CH-6595 Riazzino, Tel. 091 859 22 81, E-Mail <a href=\"mailto:info@sabesa.ch\">info@sabesa.ch<\/a> verantwortlich.<\/p>\n<p>&nbsp;<\/p>\n<h2><strong>Aufsichtsbeh\u00f6rde<\/strong><\/h2>\n<p>Die eidgen\u00f6ssische Aufsichtsbeh\u00f6rde ist der Eidgen\u00f6ssische Datenschutz- und \u00d6ffentlichkeitsbeauftragte (Website: <a href=\"https:\/\/www.edoeb.admin.ch\/edoeb\/it\/home.html\">https:\/\/www.edoeb.admin.ch\/edoeb\/it\/home.html<\/a> ). Bei dem einschl\u00e4gigen Gesetz handelt es sich um das Bundesgesetz \u00fcber den Datenschutz (DSG) 235.1 vom 19.\u00a0Juni\u00a01992 und die nachfolgenden \u00c4nderungen.<\/p>\n<p>&nbsp;<\/p>\n<h2><strong>\u00c4nderungen der Datenschutzrichtlinie<\/strong><\/h2>\n<p>F\u00fcr den Fall von Aktualisierungen bez\u00fcglich unserer T\u00e4tigkeit oder \u00c4nderungen der Rechtsvorschriften behalten wir uns die \u00c4nderung dieser Datenschutzrichtlinie vor.<\/p>\n<p><em>Letzte Aktualisierung am 01.10.2019<\/em><\/p>\n<p>&nbsp;<\/p>\n<p>&nbsp;<\/p>\n","protected":false},"excerpt":{"rendered":"<p>Gem\u00e4ss dem Bundesgesetz \u00fcber den Datenschutz (DSG) der Schweizerischen Eidgenossenschaft sowie unter vollst\u00e4ndiger Einhaltung der Vorschriften der DSGVO der Europ\u00e4ischen Union im Bereich des Schutzes personenbezogener Daten und zum Schutz Ihrer Privatsph\u00e4re bitten wir Sie, die Rechtsvorschriften bez\u00fcglich unserer Website www.sabesa.ch zu lesen. F\u00fcr Fragen oder Kl\u00e4rungen stehen wir Ihnen zur Verf\u00fcgung. Mit der Nutzung [&hellip;]<\/p>\n","protected":false},"author":1,"featured_media":0,"parent":0,"menu_order":0,"comment_status":"closed","ping_status":"closed","template":"","meta":[],"yoast_head":"<!-- This site is optimized with the Yoast SEO plugin v19.9 - https:\/\/yoast.com\/wordpress\/plugins\/seo\/ -->\n<title>Datenschutzrichtlinie | Sabesa SA<\/title>\n<meta name=\"robots\" content=\"index, follow, max-snippet:-1, max-image-preview:large, max-video-preview:-1\" \/>\n<link rel=\"canonical\" href=\"https:\/\/www.sabesa.ch\/de\/datenschutzrichtlinie\/\" \/>\n<meta property=\"og:locale\" content=\"de_DE\" \/>\n<meta property=\"og:type\" content=\"article\" \/>\n<meta property=\"og:title\" content=\"Datenschutzrichtlinie | Sabesa SA\" \/>\n<meta property=\"og:description\" content=\"Gem\u00e4ss dem Bundesgesetz \u00fcber den Datenschutz (DSG) der Schweizerischen Eidgenossenschaft sowie unter vollst\u00e4ndiger Einhaltung der Vorschriften der DSGVO der Europ\u00e4ischen Union im Bereich des Schutzes personenbezogener Daten und zum Schutz Ihrer Privatsph\u00e4re bitten wir Sie, die Rechtsvorschriften bez\u00fcglich unserer Website www.sabesa.ch zu lesen. F\u00fcr Fragen oder Kl\u00e4rungen stehen wir Ihnen zur Verf\u00fcgung. Mit der Nutzung [&hellip;]\" \/>\n<meta property=\"og:url\" content=\"https:\/\/www.sabesa.ch\/de\/datenschutzrichtlinie\/\" \/>\n<meta property=\"og:site_name\" content=\"Sabesa SA\" \/>\n<meta property=\"article:publisher\" content=\"https:\/\/www.facebook.com\/sabesa.SA\/?fref=ts\" \/>\n<meta property=\"article:modified_time\" content=\"2019-10-01T13:36:18+00:00\" \/>\n<meta name=\"twitter:card\" content=\"summary_large_image\" \/>\n<meta name=\"twitter:label1\" content=\"Gesch\u00e4tzte Lesezeit\" \/>\n\t<meta name=\"twitter:data1\" content=\"10\u00a0Minuten\" \/>\n<script type=\"application\/ld+json\" class=\"yoast-schema-graph\">{\"@context\":\"https:\/\/schema.org\",\"@graph\":[{\"@type\":\"WebPage\",\"@id\":\"https:\/\/www.sabesa.ch\/de\/datenschutzrichtlinie\/\",\"url\":\"https:\/\/www.sabesa.ch\/de\/datenschutzrichtlinie\/\",\"name\":\"Datenschutzrichtlinie | Sabesa SA\",\"isPartOf\":{\"@id\":\"https:\/\/www.sabesa.ch\/#website\"},\"datePublished\":\"2019-10-01T13:05:48+00:00\",\"dateModified\":\"2019-10-01T13:36:18+00:00\",\"breadcrumb\":{\"@id\":\"https:\/\/www.sabesa.ch\/de\/datenschutzrichtlinie\/#breadcrumb\"},\"inLanguage\":\"de\",\"potentialAction\":[{\"@type\":\"ReadAction\",\"target\":[\"https:\/\/www.sabesa.ch\/de\/datenschutzrichtlinie\/\"]}]},{\"@type\":\"BreadcrumbList\",\"@id\":\"https:\/\/www.sabesa.ch\/de\/datenschutzrichtlinie\/#breadcrumb\",\"itemListElement\":[{\"@type\":\"ListItem\",\"position\":1,\"name\":\"Home\",\"item\":\"https:\/\/www.sabesa.ch\/de\/\"},{\"@type\":\"ListItem\",\"position\":2,\"name\":\"Datenschutzrichtlinie\"}]},{\"@type\":\"WebSite\",\"@id\":\"https:\/\/www.sabesa.ch\/#website\",\"url\":\"https:\/\/www.sabesa.ch\/\",\"name\":\"Sabesa SA\",\"description\":\"Trasportiamo soluzioni - trasporti eccezionali Ticino\",\"publisher\":{\"@id\":\"https:\/\/www.sabesa.ch\/#organization\"},\"potentialAction\":[{\"@type\":\"SearchAction\",\"target\":{\"@type\":\"EntryPoint\",\"urlTemplate\":\"https:\/\/www.sabesa.ch\/?s={search_term_string}\"},\"query-input\":\"required name=search_term_string\"}],\"inLanguage\":\"de\"},{\"@type\":\"Organization\",\"@id\":\"https:\/\/www.sabesa.ch\/#organization\",\"name\":\"Sabesa SA\",\"alternateName\":\"Trasporti eccezionali, noleggio autogru e navicelle\",\"url\":\"https:\/\/www.sabesa.ch\/\",\"logo\":{\"@type\":\"ImageObject\",\"inLanguage\":\"de\",\"@id\":\"https:\/\/www.sabesa.ch\/#\/schema\/logo\/image\/\",\"url\":\"https:\/\/www.sabesa.ch\/wp-content\/uploads\/2016\/10\/logo-sabesa-small.png\",\"contentUrl\":\"https:\/\/www.sabesa.ch\/wp-content\/uploads\/2016\/10\/logo-sabesa-small.png\",\"width\":137,\"height\":58,\"caption\":\"Sabesa SA\"},\"image\":{\"@id\":\"https:\/\/www.sabesa.ch\/#\/schema\/logo\/image\/\"},\"sameAs\":[\"https:\/\/www.youtube.com\/channel\/UCq9eXNGI3lx4qvs01rUZAwQ\",\"https:\/\/www.facebook.com\/sabesa.SA\/?fref=ts\"]}]}<\/script>\n<!-- \/ Yoast SEO plugin. -->","yoast_head_json":{"title":"Datenschutzrichtlinie | Sabesa SA","robots":{"index":"index","follow":"follow","max-snippet":"max-snippet:-1","max-image-preview":"max-image-preview:large","max-video-preview":"max-video-preview:-1"},"canonical":"https:\/\/www.sabesa.ch\/de\/datenschutzrichtlinie\/","og_locale":"de_DE","og_type":"article","og_title":"Datenschutzrichtlinie | Sabesa SA","og_description":"Gem\u00e4ss dem Bundesgesetz \u00fcber den Datenschutz (DSG) der Schweizerischen Eidgenossenschaft sowie unter vollst\u00e4ndiger Einhaltung der Vorschriften der DSGVO der Europ\u00e4ischen Union im Bereich des Schutzes personenbezogener Daten und zum Schutz Ihrer Privatsph\u00e4re bitten wir Sie, die Rechtsvorschriften bez\u00fcglich unserer Website www.sabesa.ch zu lesen. F\u00fcr Fragen oder Kl\u00e4rungen stehen wir Ihnen zur Verf\u00fcgung. Mit der Nutzung [&hellip;]","og_url":"https:\/\/www.sabesa.ch\/de\/datenschutzrichtlinie\/","og_site_name":"Sabesa SA","article_publisher":"https:\/\/www.facebook.com\/sabesa.SA\/?fref=ts","article_modified_time":"2019-10-01T13:36:18+00:00","twitter_card":"summary_large_image","twitter_misc":{"Gesch\u00e4tzte Lesezeit":"10\u00a0Minuten"},"schema":{"@context":"https:\/\/schema.org","@graph":[{"@type":"WebPage","@id":"https:\/\/www.sabesa.ch\/de\/datenschutzrichtlinie\/","url":"https:\/\/www.sabesa.ch\/de\/datenschutzrichtlinie\/","name":"Datenschutzrichtlinie | Sabesa SA","isPartOf":{"@id":"https:\/\/www.sabesa.ch\/#website"},"datePublished":"2019-10-01T13:05:48+00:00","dateModified":"2019-10-01T13:36:18+00:00","breadcrumb":{"@id":"https:\/\/www.sabesa.ch\/de\/datenschutzrichtlinie\/#breadcrumb"},"inLanguage":"de","potentialAction":[{"@type":"ReadAction","target":["https:\/\/www.sabesa.ch\/de\/datenschutzrichtlinie\/"]}]},{"@type":"BreadcrumbList","@id":"https:\/\/www.sabesa.ch\/de\/datenschutzrichtlinie\/#breadcrumb","itemListElement":[{"@type":"ListItem","position":1,"name":"Home","item":"https:\/\/www.sabesa.ch\/de\/"},{"@type":"ListItem","position":2,"name":"Datenschutzrichtlinie"}]},{"@type":"WebSite","@id":"https:\/\/www.sabesa.ch\/#website","url":"https:\/\/www.sabesa.ch\/","name":"Sabesa SA","description":"Trasportiamo soluzioni - trasporti eccezionali Ticino","publisher":{"@id":"https:\/\/www.sabesa.ch\/#organization"},"potentialAction":[{"@type":"SearchAction","target":{"@type":"EntryPoint","urlTemplate":"https:\/\/www.sabesa.ch\/?s={search_term_string}"},"query-input":"required name=search_term_string"}],"inLanguage":"de"},{"@type":"Organization","@id":"https:\/\/www.sabesa.ch\/#organization","name":"Sabesa SA","alternateName":"Trasporti eccezionali, noleggio autogru e navicelle","url":"https:\/\/www.sabesa.ch\/","logo":{"@type":"ImageObject","inLanguage":"de","@id":"https:\/\/www.sabesa.ch\/#\/schema\/logo\/image\/","url":"https:\/\/www.sabesa.ch\/wp-content\/uploads\/2016\/10\/logo-sabesa-small.png","contentUrl":"https:\/\/www.sabesa.ch\/wp-content\/uploads\/2016\/10\/logo-sabesa-small.png","width":137,"height":58,"caption":"Sabesa SA"},"image":{"@id":"https:\/\/www.sabesa.ch\/#\/schema\/logo\/image\/"},"sameAs":["https:\/\/www.youtube.com\/channel\/UCq9eXNGI3lx4qvs01rUZAwQ","https:\/\/www.facebook.com\/sabesa.SA\/?fref=ts"]}]}},"_links":{"self":[{"href":"https:\/\/www.sabesa.ch\/de\/wp-json\/wp\/v2\/pages\/8854"}],"collection":[{"href":"https:\/\/www.sabesa.ch\/de\/wp-json\/wp\/v2\/pages"}],"about":[{"href":"https:\/\/www.sabesa.ch\/de\/wp-json\/wp\/v2\/types\/page"}],"author":[{"embeddable":true,"href":"https:\/\/www.sabesa.ch\/de\/wp-json\/wp\/v2\/users\/1"}],"replies":[{"embeddable":true,"href":"https:\/\/www.sabesa.ch\/de\/wp-json\/wp\/v2\/comments?post=8854"}],"version-history":[{"count":6,"href":"https:\/\/www.sabesa.ch\/de\/wp-json\/wp\/v2\/pages\/8854\/revisions"}],"predecessor-version":[{"id":8861,"href":"https:\/\/www.sabesa.ch\/de\/wp-json\/wp\/v2\/pages\/8854\/revisions\/8861"}],"wp:attachment":[{"href":"https:\/\/www.sabesa.ch\/de\/wp-json\/wp\/v2\/media?parent=8854"}],"curies":[{"name":"wp","href":"https:\/\/api.w.org\/{rel}","templated":true}]}}