{"id":8873,"date":"2019-10-01T16:43:28","date_gmt":"2019-10-01T14:43:28","guid":{"rendered":"http:\/\/www.sabesa.ch\/?page_id=8873"},"modified":"2022-10-03T14:58:12","modified_gmt":"2022-10-03T12:58:12","slug":"errichtung-von-fertiggebaeuden-schweiz","status":"publish","type":"page","link":"https:\/\/www.sabesa.ch\/de\/taetigkeit-ihr-partner-all-inclusive\/errichtung-von-fertiggebaeuden-schweiz\/","title":{"rendered":"Errichtung von Fertiggeb\u00e4uden"},"content":{"rendered":"[mk_page_section bg_image=&#8220;http:\/\/wordpress.p379882.webspaceconfig.de\/wp-content\/uploads\/2016\/11\/testata-montaggio-prefabbricati.jpg&#8220; bg_color=&#8220;#1c1c1f&#8220; bg_position=&#8220;center center&#8220; bg_repeat=&#8220;no-repeat&#8220; bg_stretch=&#8220;true&#8220; enable_3d=&#8220;true&#8220; video_color_mask=&#8220;#000000&#8243; min_height=&#8220;500&#8243; js_vertical_centered=&#8220;true&#8220; sidebar=&#8220;sidebar-1&#8243;][vc_column][mk_fancy_title color=&#8220;#ffffff&#8220; size=&#8220;78&#8243; force_font_size=&#8220;true&#8220; size_tablet=&#8220;50&#8243; font_weight=&#8220;bold&#8220; txt_transform=&#8220;uppercase&#8220; letter_spacing=&#8220;10&#8243; margin_bottom=&#8220;0&#8243; font_family=&#8220;none&#8220; align=&#8220;center&#8220;]Errichtung von Fertiggeb\u00e4uden[\/mk_fancy_title][\/vc_column][\/mk_page_section][vc_row][vc_column][mk_padding_divider size=&#8220;60&#8243; visibility=&#8220;visible-sm&#8220;][mk_padding_divider size=&#8220;150&#8243; visibility=&#8220;hidden-sm&#8220;][\/vc_column][\/vc_row][mk_page_section section_layout=&#8220;right&#8220; el_class=&#8220;menu-hide&#8220; sidebar=&#8220;sidebar-1&#8243;][vc_column][vc_row_inner][vc_column_inner][vc_column_text disable_pattern=&#8220;false&#8220;]Wir sind f\u00fchrend im Bereich der Errichtung von Fertiggeb\u00e4uden.<\/p>\n<p>Dank der Spezialisierung im Bereich der Montage sowie den verschiedenen Transport- und Umschlagm\u00f6glichkeiten k\u00f6nnen wir dem Kunden eine umfassende und effiziente Dienstleistung anbieten.<\/p>\n<p>Wir arbeiten mit verschiedenen Unternehmen zusammen, die im Bereich der Systembauweise t\u00e4tig sind, und wir k\u00f6nnen auf einen umfangreichen Erfahrungsschatz in dem Sektor zur\u00fcckblicken.[\/vc_column_text][\/vc_column_inner][\/vc_row_inner][mk_padding_divider size=&#8220;60&#8243; visibility=&#8220;visible-sm&#8220;][mk_padding_divider size=&#8220;150&#8243; visibility=&#8220;hidden-sm&#8220;][\/vc_column][\/mk_page_section][vc_row fullwidth=&#8220;true&#8220; fullwidth_content=&#8220;false&#8220; css=&#8220;.vc_custom_1478095203556{background-color: #eeeeee !important;}&#8220;][vc_column][mk_padding_divider size=&#8220;150&#8243; visibility=&#8220;hidden-sm&#8220;][mk_padding_divider size=&#8220;60&#8243; visibility=&#8220;visible-sm&#8220;][mk_fancy_title color=&#8220;#101010&#8243; size=&#8220;54&#8243; force_font_size=&#8220;true&#8220; size_tablet=&#8220;50&#8243; size_phone=&#8220;30&#8243; font_weight=&#8220;bold&#8220; font_family=&#8220;none&#8220; align=&#8220;center&#8220;]Galerie[\/mk_fancy_title][mk_padding_divider size=&#8220;60&#8243;][mk_gallery images=&#8220;8308,8309,8310,8311,8312,8313,8452,8453,8454,8455,8456,8457,8458,8459,8460,8461,8462,8463&#8243; style=&#8220;style1&#8243; pagination=&#8220;true&#8220; pagination_style=&#8220;2&#8243; count=&#8220;5&#8243;][mk_padding_divider size=&#8220;60&#8243; visibility=&#8220;visible-sm&#8220;][mk_padding_divider size=&#8220;150&#8243; visibility=&#8220;hidden-sm&#8220;][vc_row_inner visibility=&#8220;visible-sm&#8220;][vc_column_inner][mk_custom_sidebar sidebar=&#8220;sidebar-1&#8243;][\/vc_column_inner][\/vc_row_inner][\/vc_column][\/vc_row][mk_page_section bg_color=&#8220;#101010&#8243; has_top_shape_divider=&#8220;true&#8220; top_shape_size=&#8220;small&#8220; top_shape_color=&#8220;#eeeeee&#8220; top_shape_bg_color=&#8220;#101010&#8243; bottom_shape_color=&#8220;#ffffff&#8220; sidebar=&#8220;sidebar-1&#8243;][vc_column][mk_padding_divider size=&#8220;60&#8243; visibility=&#8220;visible-sm&#8220;][mk_padding_divider size=&#8220;60&#8243; visibility=&#8220;hidden-sm&#8220;][mk_fancy_title color=&#8220;#fbcf00&#8243; size=&#8220;54&#8243; force_font_size=&#8220;true&#8220; size_tablet=&#8220;50&#8243; size_phone=&#8220;30&#8243; font_weight=&#8220;bold&#8220; margin_bottom=&#8220;0&#8243; font_family=&#8220;none&#8220; align=&#8220;center&#8220;]Vermietung von Fahrzeugen[\/mk_fancy_title][mk_fancy_title color=&#8220;#fbcf00&#8243; size=&#8220;20&#8243; font_family=&#8220;none&#8220; align=&#8220;center&#8220;]Was ben\u00f6tigen Sie? Fordern Sie einen Kostenvoranschlag f\u00fcr die Vermietung an.[\/mk_fancy_title][mk_button dimension=&#8220;outline&#8220; corner_style=&#8220;rounded&#8220; size=&#8220;large&#8220; url=&#8220;\/de\/kontakte\/#contatti&#8220; align=&#8220;center&#8220; margin_top=&#8220;15&#8243; margin_right=&#8220;0&#8243; outline_skin=&#8220;custom&#8220; outline_active_color=&#8220;#fbcf00&#8243; outline_active_text_color=&#8220;#fbcf00&#8243; outline_hover_color=&#8220;#101010&#8243;]Fordern Sie Informationen an.[\/mk_button][mk_padding_divider size=&#8220;150&#8243; visibility=&#8220;hidden-sm&#8220;][vc_column_text][\/vc_column_text][\/vc_column][\/mk_page_section]\n","protected":false},"excerpt":{"rendered":"<p>[mk_page_section bg_image=&#8220;http:\/\/wordpress.p379882.webspaceconfig.de\/wp-content\/uploads\/2016\/11\/testata-montaggio-prefabbricati.jpg&#8220; bg_color=&#8220;#1c1c1f&#8220; bg_position=&#8220;center center&#8220; bg_repeat=&#8220;no-repeat&#8220; bg_stretch=&#8220;true&#8220; enable_3d=&#8220;true&#8220; video_color_mask=&#8220;#000000&#8243; min_height=&#8220;500&#8243; js_vertical_centered=&#8220;true&#8220; sidebar=&#8220;sidebar-1&#8243;][vc_column][mk_fancy_title color=&#8220;#ffffff&#8220; size=&#8220;78&#8243; force_font_size=&#8220;true&#8220; size_tablet=&#8220;50&#8243; font_weight=&#8220;bold&#8220; txt_transform=&#8220;uppercase&#8220; letter_spacing=&#8220;10&#8243; margin_bottom=&#8220;0&#8243; font_family=&#8220;none&#8220; align=&#8220;center&#8220;]Errichtung von Fertiggeb\u00e4uden[\/mk_fancy_title][\/vc_column][\/mk_page_section][vc_row][vc_column][mk_padding_divider size=&#8220;60&#8243; visibility=&#8220;visible-sm&#8220;][mk_padding_divider size=&#8220;150&#8243; visibility=&#8220;hidden-sm&#8220;][\/vc_column][\/vc_row][mk_page_section section_layout=&#8220;right&#8220; el_class=&#8220;menu-hide&#8220; sidebar=&#8220;sidebar-1&#8243;][vc_column][vc_row_inner][vc_column_inner][vc_column_text disable_pattern=&#8220;false&#8220;]Wir sind f\u00fchrend im Bereich der Errichtung von Fertiggeb\u00e4uden. Dank der Spezialisierung im Bereich der Montage sowie den verschiedenen Transport- und Umschlagm\u00f6glichkeiten k\u00f6nnen wir [&hellip;]<\/p>\n","protected":false},"author":1,"featured_media":0,"parent":8593,"menu_order":0,"comment_status":"closed","ping_status":"closed","template":"","meta":[],"yoast_head":"<!-- This site is optimized with the Yoast SEO plugin v19.9 - https:\/\/yoast.com\/wordpress\/plugins\/seo\/ -->\n<title>Errichtung von Fertiggeb\u00e4uden | Schweiz | Sabesa SA<\/title>\n<meta name=\"description\" content=\"Wir sind f\u00fchrend im Bereich der Errichtung von Fertiggeb\u00e4uden. Dank der Spezialisierung im Bereich der Montage sowie den verschiedenen Transport- und Umschlagm\u00f6glichkeiten k\u00f6nnen wir dem Kunden eine umfassende und effiziente Dienstleistung anbieten. Wir arbeiten mit verschiedenen Unternehmen zusammen, die im Bereich der Systembauweise t\u00e4tig sind, und wir k\u00f6nnen auf einen umfangreichen Erfahrungsschatz in dem Sektor zur\u00fcckblicken.\" \/>\n<meta name=\"robots\" content=\"index, follow, max-snippet:-1, max-image-preview:large, max-video-preview:-1\" \/>\n<link rel=\"canonical\" href=\"https:\/\/www.sabesa.ch\/de\/taetigkeit-ihr-partner-all-inclusive\/errichtung-von-fertiggebaeuden-schweiz\/\" \/>\n<meta property=\"og:locale\" content=\"de_DE\" \/>\n<meta property=\"og:type\" content=\"article\" \/>\n<meta property=\"og:title\" content=\"Errichtung von Fertiggeb\u00e4uden | Schweiz | Sabesa SA\" \/>\n<meta property=\"og:description\" content=\"Wir sind f\u00fchrend im Bereich der Errichtung von Fertiggeb\u00e4uden. Dank der Spezialisierung im Bereich der Montage sowie den verschiedenen Transport- und Umschlagm\u00f6glichkeiten k\u00f6nnen wir dem Kunden eine umfassende und effiziente Dienstleistung anbieten. Wir arbeiten mit verschiedenen Unternehmen zusammen, die im Bereich der Systembauweise t\u00e4tig sind, und wir k\u00f6nnen auf einen umfangreichen Erfahrungsschatz in dem Sektor zur\u00fcckblicken.\" \/>\n<meta property=\"og:url\" content=\"https:\/\/www.sabesa.ch\/de\/taetigkeit-ihr-partner-all-inclusive\/errichtung-von-fertiggebaeuden-schweiz\/\" \/>\n<meta property=\"og:site_name\" content=\"Sabesa SA\" \/>\n<meta property=\"article:publisher\" content=\"https:\/\/www.facebook.com\/sabesa.SA\/?fref=ts\" \/>\n<meta property=\"article:modified_time\" content=\"2022-10-03T12:58:12+00:00\" \/>\n<meta name=\"twitter:card\" content=\"summary_large_image\" \/>\n<meta name=\"twitter:label1\" content=\"Gesch\u00e4tzte Lesezeit\" \/>\n\t<meta name=\"twitter:data1\" content=\"1\u00a0Minute\" \/>\n<script type=\"application\/ld+json\" class=\"yoast-schema-graph\">{\"@context\":\"https:\/\/schema.org\",\"@graph\":[{\"@type\":\"WebPage\",\"@id\":\"https:\/\/www.sabesa.ch\/de\/taetigkeit-ihr-partner-all-inclusive\/errichtung-von-fertiggebaeuden-schweiz\/\",\"url\":\"https:\/\/www.sabesa.ch\/de\/taetigkeit-ihr-partner-all-inclusive\/errichtung-von-fertiggebaeuden-schweiz\/\",\"name\":\"Errichtung von Fertiggeb\u00e4uden | Schweiz | Sabesa SA\",\"isPartOf\":{\"@id\":\"https:\/\/www.sabesa.ch\/#website\"},\"datePublished\":\"2019-10-01T14:43:28+00:00\",\"dateModified\":\"2022-10-03T12:58:12+00:00\",\"description\":\"Wir sind f\u00fchrend im Bereich der Errichtung von Fertiggeb\u00e4uden. Dank der Spezialisierung im Bereich der Montage sowie den verschiedenen Transport- und Umschlagm\u00f6glichkeiten k\u00f6nnen wir dem Kunden eine umfassende und effiziente Dienstleistung anbieten. Wir arbeiten mit verschiedenen Unternehmen zusammen, die im Bereich der Systembauweise t\u00e4tig sind, und wir k\u00f6nnen auf einen umfangreichen Erfahrungsschatz in dem Sektor zur\u00fcckblicken.\",\"breadcrumb\":{\"@id\":\"https:\/\/www.sabesa.ch\/de\/taetigkeit-ihr-partner-all-inclusive\/errichtung-von-fertiggebaeuden-schweiz\/#breadcrumb\"},\"inLanguage\":\"de\",\"potentialAction\":[{\"@type\":\"ReadAction\",\"target\":[\"https:\/\/www.sabesa.ch\/de\/taetigkeit-ihr-partner-all-inclusive\/errichtung-von-fertiggebaeuden-schweiz\/\"]}]},{\"@type\":\"BreadcrumbList\",\"@id\":\"https:\/\/www.sabesa.ch\/de\/taetigkeit-ihr-partner-all-inclusive\/errichtung-von-fertiggebaeuden-schweiz\/#breadcrumb\",\"itemListElement\":[{\"@type\":\"ListItem\",\"position\":1,\"name\":\"Home\",\"item\":\"https:\/\/www.sabesa.ch\/de\/\"},{\"@type\":\"ListItem\",\"position\":2,\"name\":\"Taetigkeit\",\"item\":\"https:\/\/www.sabesa.ch\/de\/taetigkeit-ihr-partner-all-inclusive\/\"},{\"@type\":\"ListItem\",\"position\":3,\"name\":\"Errichtung von Fertiggeb\u00e4uden\"}]},{\"@type\":\"WebSite\",\"@id\":\"https:\/\/www.sabesa.ch\/#website\",\"url\":\"https:\/\/www.sabesa.ch\/\",\"name\":\"Sabesa SA\",\"description\":\"Trasportiamo soluzioni - trasporti eccezionali Ticino\",\"publisher\":{\"@id\":\"https:\/\/www.sabesa.ch\/#organization\"},\"potentialAction\":[{\"@type\":\"SearchAction\",\"target\":{\"@type\":\"EntryPoint\",\"urlTemplate\":\"https:\/\/www.sabesa.ch\/?s={search_term_string}\"},\"query-input\":\"required name=search_term_string\"}],\"inLanguage\":\"de\"},{\"@type\":\"Organization\",\"@id\":\"https:\/\/www.sabesa.ch\/#organization\",\"name\":\"Sabesa SA\",\"alternateName\":\"Trasporti eccezionali, noleggio autogru e navicelle\",\"url\":\"https:\/\/www.sabesa.ch\/\",\"logo\":{\"@type\":\"ImageObject\",\"inLanguage\":\"de\",\"@id\":\"https:\/\/www.sabesa.ch\/#\/schema\/logo\/image\/\",\"url\":\"https:\/\/www.sabesa.ch\/wp-content\/uploads\/2016\/10\/logo-sabesa-small.png\",\"contentUrl\":\"https:\/\/www.sabesa.ch\/wp-content\/uploads\/2016\/10\/logo-sabesa-small.png\",\"width\":137,\"height\":58,\"caption\":\"Sabesa SA\"},\"image\":{\"@id\":\"https:\/\/www.sabesa.ch\/#\/schema\/logo\/image\/\"},\"sameAs\":[\"https:\/\/www.youtube.com\/channel\/UCq9eXNGI3lx4qvs01rUZAwQ\",\"https:\/\/www.facebook.com\/sabesa.SA\/?fref=ts\"]}]}<\/script>\n<!-- \/ Yoast SEO plugin. -->","yoast_head_json":{"title":"Errichtung von Fertiggeb\u00e4uden | Schweiz | Sabesa SA","description":"Wir sind f\u00fchrend im Bereich der Errichtung von Fertiggeb\u00e4uden. Dank der Spezialisierung im Bereich der Montage sowie den verschiedenen Transport- und Umschlagm\u00f6glichkeiten k\u00f6nnen wir dem Kunden eine umfassende und effiziente Dienstleistung anbieten. Wir arbeiten mit verschiedenen Unternehmen zusammen, die im Bereich der Systembauweise t\u00e4tig sind, und wir k\u00f6nnen auf einen umfangreichen Erfahrungsschatz in dem Sektor zur\u00fcckblicken.","robots":{"index":"index","follow":"follow","max-snippet":"max-snippet:-1","max-image-preview":"max-image-preview:large","max-video-preview":"max-video-preview:-1"},"canonical":"https:\/\/www.sabesa.ch\/de\/taetigkeit-ihr-partner-all-inclusive\/errichtung-von-fertiggebaeuden-schweiz\/","og_locale":"de_DE","og_type":"article","og_title":"Errichtung von Fertiggeb\u00e4uden | Schweiz | Sabesa SA","og_description":"Wir sind f\u00fchrend im Bereich der Errichtung von Fertiggeb\u00e4uden. Dank der Spezialisierung im Bereich der Montage sowie den verschiedenen Transport- und Umschlagm\u00f6glichkeiten k\u00f6nnen wir dem Kunden eine umfassende und effiziente Dienstleistung anbieten. Wir arbeiten mit verschiedenen Unternehmen zusammen, die im Bereich der Systembauweise t\u00e4tig sind, und wir k\u00f6nnen auf einen umfangreichen Erfahrungsschatz in dem Sektor zur\u00fcckblicken.","og_url":"https:\/\/www.sabesa.ch\/de\/taetigkeit-ihr-partner-all-inclusive\/errichtung-von-fertiggebaeuden-schweiz\/","og_site_name":"Sabesa SA","article_publisher":"https:\/\/www.facebook.com\/sabesa.SA\/?fref=ts","article_modified_time":"2022-10-03T12:58:12+00:00","twitter_card":"summary_large_image","twitter_misc":{"Gesch\u00e4tzte Lesezeit":"1\u00a0Minute"},"schema":{"@context":"https:\/\/schema.org","@graph":[{"@type":"WebPage","@id":"https:\/\/www.sabesa.ch\/de\/taetigkeit-ihr-partner-all-inclusive\/errichtung-von-fertiggebaeuden-schweiz\/","url":"https:\/\/www.sabesa.ch\/de\/taetigkeit-ihr-partner-all-inclusive\/errichtung-von-fertiggebaeuden-schweiz\/","name":"Errichtung von Fertiggeb\u00e4uden | Schweiz | Sabesa SA","isPartOf":{"@id":"https:\/\/www.sabesa.ch\/#website"},"datePublished":"2019-10-01T14:43:28+00:00","dateModified":"2022-10-03T12:58:12+00:00","description":"Wir sind f\u00fchrend im Bereich der Errichtung von Fertiggeb\u00e4uden. Dank der Spezialisierung im Bereich der Montage sowie den verschiedenen Transport- und Umschlagm\u00f6glichkeiten k\u00f6nnen wir dem Kunden eine umfassende und effiziente Dienstleistung anbieten. Wir arbeiten mit verschiedenen Unternehmen zusammen, die im Bereich der Systembauweise t\u00e4tig sind, und wir k\u00f6nnen auf einen umfangreichen Erfahrungsschatz in dem Sektor zur\u00fcckblicken.","breadcrumb":{"@id":"https:\/\/www.sabesa.ch\/de\/taetigkeit-ihr-partner-all-inclusive\/errichtung-von-fertiggebaeuden-schweiz\/#breadcrumb"},"inLanguage":"de","potentialAction":[{"@type":"ReadAction","target":["https:\/\/www.sabesa.ch\/de\/taetigkeit-ihr-partner-all-inclusive\/errichtung-von-fertiggebaeuden-schweiz\/"]}]},{"@type":"BreadcrumbList","@id":"https:\/\/www.sabesa.ch\/de\/taetigkeit-ihr-partner-all-inclusive\/errichtung-von-fertiggebaeuden-schweiz\/#breadcrumb","itemListElement":[{"@type":"ListItem","position":1,"name":"Home","item":"https:\/\/www.sabesa.ch\/de\/"},{"@type":"ListItem","position":2,"name":"Taetigkeit","item":"https:\/\/www.sabesa.ch\/de\/taetigkeit-ihr-partner-all-inclusive\/"},{"@type":"ListItem","position":3,"name":"Errichtung von Fertiggeb\u00e4uden"}]},{"@type":"WebSite","@id":"https:\/\/www.sabesa.ch\/#website","url":"https:\/\/www.sabesa.ch\/","name":"Sabesa SA","description":"Trasportiamo soluzioni - trasporti eccezionali Ticino","publisher":{"@id":"https:\/\/www.sabesa.ch\/#organization"},"potentialAction":[{"@type":"SearchAction","target":{"@type":"EntryPoint","urlTemplate":"https:\/\/www.sabesa.ch\/?s={search_term_string}"},"query-input":"required name=search_term_string"}],"inLanguage":"de"},{"@type":"Organization","@id":"https:\/\/www.sabesa.ch\/#organization","name":"Sabesa SA","alternateName":"Trasporti eccezionali, noleggio autogru e navicelle","url":"https:\/\/www.sabesa.ch\/","logo":{"@type":"ImageObject","inLanguage":"de","@id":"https:\/\/www.sabesa.ch\/#\/schema\/logo\/image\/","url":"https:\/\/www.sabesa.ch\/wp-content\/uploads\/2016\/10\/logo-sabesa-small.png","contentUrl":"https:\/\/www.sabesa.ch\/wp-content\/uploads\/2016\/10\/logo-sabesa-small.png","width":137,"height":58,"caption":"Sabesa SA"},"image":{"@id":"https:\/\/www.sabesa.ch\/#\/schema\/logo\/image\/"},"sameAs":["https:\/\/www.youtube.com\/channel\/UCq9eXNGI3lx4qvs01rUZAwQ","https:\/\/www.facebook.com\/sabesa.SA\/?fref=ts"]}]}},"_links":{"self":[{"href":"https:\/\/www.sabesa.ch\/de\/wp-json\/wp\/v2\/pages\/8873"}],"collection":[{"href":"https:\/\/www.sabesa.ch\/de\/wp-json\/wp\/v2\/pages"}],"about":[{"href":"https:\/\/www.sabesa.ch\/de\/wp-json\/wp\/v2\/types\/page"}],"author":[{"embeddable":true,"href":"https:\/\/www.sabesa.ch\/de\/wp-json\/wp\/v2\/users\/1"}],"replies":[{"embeddable":true,"href":"https:\/\/www.sabesa.ch\/de\/wp-json\/wp\/v2\/comments?post=8873"}],"version-history":[{"count":1,"href":"https:\/\/www.sabesa.ch\/de\/wp-json\/wp\/v2\/pages\/8873\/revisions"}],"predecessor-version":[{"id":8874,"href":"https:\/\/www.sabesa.ch\/de\/wp-json\/wp\/v2\/pages\/8873\/revisions\/8874"}],"up":[{"embeddable":true,"href":"https:\/\/www.sabesa.ch\/de\/wp-json\/wp\/v2\/pages\/8593"}],"wp:attachment":[{"href":"https:\/\/www.sabesa.ch\/de\/wp-json\/wp\/v2\/media?parent=8873"}],"curies":[{"name":"wp","href":"https:\/\/api.w.org\/{rel}","templated":true}]}}