{"id":8878,"date":"2019-10-02T09:45:33","date_gmt":"2019-10-02T07:45:33","guid":{"rendered":"http:\/\/www.sabesa.ch\/?page_id=8878"},"modified":"2022-10-03T15:15:04","modified_gmt":"2022-10-03T13:15:04","slug":"umstellung-von-maschinen-schweiz","status":"publish","type":"page","link":"https:\/\/www.sabesa.ch\/de\/taetigkeit-ihr-partner-all-inclusive\/umstellung-von-maschinen-schweiz\/","title":{"rendered":"Umstellung von Maschinen"},"content":{"rendered":"[mk_page_section bg_image=&#8220;http:\/\/wordpress.p379882.webspaceconfig.de\/wp-content\/uploads\/2016\/11\/testata-spostamento-macchinari-1.jpg&#8220; bg_color=&#8220;#1c1c1f&#8220; bg_position=&#8220;center center&#8220; bg_repeat=&#8220;no-repeat&#8220; bg_stretch=&#8220;true&#8220; enable_3d=&#8220;true&#8220; video_color_mask=&#8220;#000000&#8243; min_height=&#8220;500&#8243; js_vertical_centered=&#8220;true&#8220; sidebar=&#8220;sidebar-1&#8243;][vc_column][mk_fancy_title color=&#8220;#ffffff&#8220; size=&#8220;78&#8243; force_font_size=&#8220;true&#8220; size_tablet=&#8220;50&#8243; font_weight=&#8220;bold&#8220; txt_transform=&#8220;uppercase&#8220; letter_spacing=&#8220;10&#8243; margin_bottom=&#8220;0&#8243; font_family=&#8220;none&#8220; align=&#8220;center&#8220;]Umstellung von Maschinen[\/mk_fancy_title][\/vc_column][\/mk_page_section][vc_row][vc_column][mk_padding_divider size=&#8220;60&#8243; visibility=&#8220;visible-sm&#8220;][mk_padding_divider size=&#8220;150&#8243; visibility=&#8220;hidden-sm&#8220;][\/vc_column][\/vc_row][mk_page_section section_layout=&#8220;right&#8220; sidebar=&#8220;sidebar-1&#8243;][vc_column][vc_row_inner][vc_column_inner][vc_column_text disable_pattern=&#8220;false&#8220;]Mit Hilfe der Spezialausr\u00fcstung k\u00f6nnen wir Maschinen mit beliebiger Gr\u00f6sse und beliebigem Gewicht sowohl im Innenbereich als auch im Aussenbereich von Geb\u00e4uden umstellen und komplexe Umz\u00fcge durchf\u00fchren.<\/p>\n<p>Mit unserem ferngesteuerten Triebwagen k\u00f6nnen wir beispielsweise an Orten Umstellungs- und Hebearbeiten durchf\u00fchren, an denen der Einsatz von Fahrzeugen, wie Kranwagen oder Hubstaplern, nicht m\u00f6glich ist.[\/vc_column_text][\/vc_column_inner][\/vc_row_inner][mk_padding_divider size=&#8220;60&#8243; visibility=&#8220;visible-sm&#8220;][mk_padding_divider size=&#8220;150&#8243; visibility=&#8220;hidden-sm&#8220;][\/vc_column][\/mk_page_section][vc_row fullwidth=&#8220;true&#8220; fullwidth_content=&#8220;false&#8220; css=&#8220;.vc_custom_1478095203556{background-color: #eeeeee !important;}&#8220;][vc_column][mk_padding_divider size=&#8220;150&#8243; visibility=&#8220;hidden-sm&#8220;][mk_padding_divider size=&#8220;60&#8243; visibility=&#8220;visible-sm&#8220;][mk_fancy_title color=&#8220;#101010&#8243; size=&#8220;54&#8243; force_font_size=&#8220;true&#8220; size_tablet=&#8220;50&#8243; size_phone=&#8220;30&#8243; font_weight=&#8220;bold&#8220; font_family=&#8220;none&#8220; align=&#8220;center&#8220;]Galerie[\/mk_fancy_title][mk_padding_divider size=&#8220;60&#8243;][mk_gallery images=&#8220;8340,8341,8342,8343,8344,8345&#8243; style=&#8220;style1&#8243; pagination=&#8220;true&#8220; pagination_style=&#8220;2&#8243; count=&#8220;5&#8243;][vc_row_inner disable_element=&#8220;yes&#8220;][vc_column_inner width=&#8220;1\/3&#8243;][mk_custom_box padding_vertical=&#8220;20&#8243; margin_bottom=&#8220;30&#8243; animation=&#8220;flip-x&#8220; bg_color=&#8220;#ffffff&#8220; background_hov_color_style=&#8220;image&#8220; bg_image_hov_effect=&#8220;grayscale&#8220;][mk_image src=&#8220;http:\/\/wordpress.p379882.webspaceconfig.de\/wp-content\/uploads\/2016\/11\/spostamento-macchinari.jpg&#8220; image_size=&#8220;full&#8220; lightbox=&#8220;true&#8220; align=&#8220;center&#8220; margin_bottom=&#8220;0&#8243;][mk_fancy_title color=&#8220;#222222&#8243; size=&#8220;20&#8243; font_weight=&#8220;400&#8243; txt_transform=&#8220;capitalize&#8220; margin_top=&#8220;20&#8243; margin_bottom=&#8220;0&#8243; font_family=&#8220;none&#8220; align=&#8220;center&#8220;]Spostamento macchinari[\/mk_fancy_title][vc_column_text el_class=&#8220;desc-veicoli&#8220;]Grazie alla nostra automotrice radiocomandata siamo in grado di spostare carichi e macchinari di qualsiasi dimensione e peso con un peso fino a 100t e oltre[\/vc_column_text][mk_button dimension=&#8220;outline&#8220; corner_style=&#8220;rounded&#8220; size=&#8220;medium&#8220; align=&#8220;center&#8220;]Download [\/mk_button][\/mk_custom_box][\/vc_column_inner][vc_column_inner width=&#8220;1\/3&#8243;][\/vc_column_inner][vc_column_inner width=&#8220;1\/3&#8243;][\/vc_column_inner][\/vc_row_inner][mk_padding_divider size=&#8220;80&#8243; visibility=&#8220;hidden-sm&#8220;][mk_padding_divider size=&#8220;60&#8243; visibility=&#8220;visible-sm&#8220;][mk_padding_divider size=&#8220;150&#8243; visibility=&#8220;hidden-sm&#8220;][\/vc_column][\/vc_row][mk_page_section bg_color=&#8220;#101010&#8243; has_top_shape_divider=&#8220;true&#8220; top_shape_size=&#8220;small&#8220; top_shape_color=&#8220;#eeeeee&#8220; top_shape_bg_color=&#8220;#101010&#8243; bottom_shape_color=&#8220;#ffffff&#8220; sidebar=&#8220;sidebar-1&#8243;][vc_column][mk_padding_divider size=&#8220;60&#8243; visibility=&#8220;visible-sm&#8220;][mk_padding_divider size=&#8220;60&#8243; visibility=&#8220;hidden-sm&#8220;][mk_fancy_title color=&#8220;#fbcf00&#8243; size=&#8220;54&#8243; force_font_size=&#8220;true&#8220; size_tablet=&#8220;50&#8243; size_phone=&#8220;30&#8243; font_weight=&#8220;bold&#8220; margin_bottom=&#8220;0&#8243; font_family=&#8220;none&#8220; align=&#8220;center&#8220;]Vermietung von Fahrzeugen[\/mk_fancy_title][mk_fancy_title color=&#8220;#fbcf00&#8243; size=&#8220;20&#8243; font_family=&#8220;none&#8220; align=&#8220;center&#8220;]Was ben\u00f6tigen Sie? Fordern Sie einen Kostenvoranschlag f\u00fcr die Vermietung an.[\/mk_fancy_title][mk_button dimension=&#8220;outline&#8220; corner_style=&#8220;rounded&#8220; size=&#8220;large&#8220; url=&#8220;\/de\/kontakte\/#contatti&#8220; align=&#8220;center&#8220; margin_top=&#8220;15&#8243; margin_right=&#8220;0&#8243; outline_skin=&#8220;custom&#8220; outline_active_color=&#8220;#fbcf00&#8243; outline_active_text_color=&#8220;#fbcf00&#8243; outline_hover_color=&#8220;#101010&#8243;]Fordern Sie Informationen an[\/mk_button][mk_padding_divider size=&#8220;150&#8243; visibility=&#8220;hidden-sm&#8220;][vc_column_text][\/vc_column_text][\/vc_column][\/mk_page_section]\n","protected":false},"excerpt":{"rendered":"<p>[mk_page_section bg_image=&#8220;http:\/\/wordpress.p379882.webspaceconfig.de\/wp-content\/uploads\/2016\/11\/testata-spostamento-macchinari-1.jpg&#8220; bg_color=&#8220;#1c1c1f&#8220; bg_position=&#8220;center center&#8220; bg_repeat=&#8220;no-repeat&#8220; bg_stretch=&#8220;true&#8220; enable_3d=&#8220;true&#8220; video_color_mask=&#8220;#000000&#8243; min_height=&#8220;500&#8243; js_vertical_centered=&#8220;true&#8220; sidebar=&#8220;sidebar-1&#8243;][vc_column][mk_fancy_title color=&#8220;#ffffff&#8220; size=&#8220;78&#8243; force_font_size=&#8220;true&#8220; size_tablet=&#8220;50&#8243; font_weight=&#8220;bold&#8220; txt_transform=&#8220;uppercase&#8220; letter_spacing=&#8220;10&#8243; margin_bottom=&#8220;0&#8243; font_family=&#8220;none&#8220; align=&#8220;center&#8220;]Umstellung von Maschinen[\/mk_fancy_title][\/vc_column][\/mk_page_section][vc_row][vc_column][mk_padding_divider size=&#8220;60&#8243; visibility=&#8220;visible-sm&#8220;][mk_padding_divider size=&#8220;150&#8243; visibility=&#8220;hidden-sm&#8220;][\/vc_column][\/vc_row][mk_page_section section_layout=&#8220;right&#8220; sidebar=&#8220;sidebar-1&#8243;][vc_column][vc_row_inner][vc_column_inner][vc_column_text disable_pattern=&#8220;false&#8220;]Mit Hilfe der Spezialausr\u00fcstung k\u00f6nnen wir Maschinen mit beliebiger Gr\u00f6sse und beliebigem Gewicht sowohl im Innenbereich als auch im Aussenbereich von Geb\u00e4uden umstellen und komplexe [&hellip;]<\/p>\n","protected":false},"author":2,"featured_media":0,"parent":8593,"menu_order":0,"comment_status":"closed","ping_status":"closed","template":"","meta":[],"yoast_head":"<!-- This site is optimized with the Yoast SEO plugin v19.9 - https:\/\/yoast.com\/wordpress\/plugins\/seo\/ -->\n<title>Umstellung von Maschinen | Schweiz | Sabesa SA<\/title>\n<meta name=\"description\" content=\"Mit Hilfe der Spezialausr\u00fcstung k\u00f6nnen wir Maschinen mit beliebiger Gr\u00f6sse und beliebigem Gewicht sowohl im Innenbereich als auch im Aussenbereich von Geb\u00e4uden umstellen und komplexe Umz\u00fcge durchf\u00fchren. Mit unserem ferngesteuerten Triebwagen k\u00f6nnen wir beispielsweise an Orten Umstellungs- und Hebearbeiten durchf\u00fchren, an denen der Einsatz von Fahrzeugen, wie Kranwagen oder Hubstaplern, nicht m\u00f6glich ist.\" \/>\n<meta name=\"robots\" content=\"index, follow, max-snippet:-1, max-image-preview:large, max-video-preview:-1\" \/>\n<link rel=\"canonical\" href=\"https:\/\/www.sabesa.ch\/de\/taetigkeit-ihr-partner-all-inclusive\/umstellung-von-maschinen-schweiz\/\" \/>\n<meta property=\"og:locale\" content=\"de_DE\" \/>\n<meta property=\"og:type\" content=\"article\" \/>\n<meta property=\"og:title\" content=\"Umstellung von Maschinen | Schweiz | Sabesa SA\" \/>\n<meta property=\"og:description\" content=\"Mit Hilfe der Spezialausr\u00fcstung k\u00f6nnen wir Maschinen mit beliebiger Gr\u00f6sse und beliebigem Gewicht sowohl im Innenbereich als auch im Aussenbereich von Geb\u00e4uden umstellen und komplexe Umz\u00fcge durchf\u00fchren. Mit unserem ferngesteuerten Triebwagen k\u00f6nnen wir beispielsweise an Orten Umstellungs- und Hebearbeiten durchf\u00fchren, an denen der Einsatz von Fahrzeugen, wie Kranwagen oder Hubstaplern, nicht m\u00f6glich ist.\" \/>\n<meta property=\"og:url\" content=\"https:\/\/www.sabesa.ch\/de\/taetigkeit-ihr-partner-all-inclusive\/umstellung-von-maschinen-schweiz\/\" \/>\n<meta property=\"og:site_name\" content=\"Sabesa SA\" \/>\n<meta property=\"article:publisher\" content=\"https:\/\/www.facebook.com\/sabesa.SA\/?fref=ts\" \/>\n<meta property=\"article:modified_time\" content=\"2022-10-03T13:15:04+00:00\" \/>\n<meta name=\"twitter:card\" content=\"summary_large_image\" \/>\n<meta name=\"twitter:label1\" content=\"Gesch\u00e4tzte Lesezeit\" \/>\n\t<meta name=\"twitter:data1\" content=\"2\u00a0Minuten\" \/>\n<script type=\"application\/ld+json\" class=\"yoast-schema-graph\">{\"@context\":\"https:\/\/schema.org\",\"@graph\":[{\"@type\":\"WebPage\",\"@id\":\"https:\/\/www.sabesa.ch\/de\/taetigkeit-ihr-partner-all-inclusive\/umstellung-von-maschinen-schweiz\/\",\"url\":\"https:\/\/www.sabesa.ch\/de\/taetigkeit-ihr-partner-all-inclusive\/umstellung-von-maschinen-schweiz\/\",\"name\":\"Umstellung von Maschinen | Schweiz | Sabesa SA\",\"isPartOf\":{\"@id\":\"https:\/\/www.sabesa.ch\/#website\"},\"datePublished\":\"2019-10-02T07:45:33+00:00\",\"dateModified\":\"2022-10-03T13:15:04+00:00\",\"description\":\"Mit Hilfe der Spezialausr\u00fcstung k\u00f6nnen wir Maschinen mit beliebiger Gr\u00f6sse und beliebigem Gewicht sowohl im Innenbereich als auch im Aussenbereich von Geb\u00e4uden umstellen und komplexe Umz\u00fcge durchf\u00fchren. Mit unserem ferngesteuerten Triebwagen k\u00f6nnen wir beispielsweise an Orten Umstellungs- und Hebearbeiten durchf\u00fchren, an denen der Einsatz von Fahrzeugen, wie Kranwagen oder Hubstaplern, nicht m\u00f6glich ist.\",\"breadcrumb\":{\"@id\":\"https:\/\/www.sabesa.ch\/de\/taetigkeit-ihr-partner-all-inclusive\/umstellung-von-maschinen-schweiz\/#breadcrumb\"},\"inLanguage\":\"de\",\"potentialAction\":[{\"@type\":\"ReadAction\",\"target\":[\"https:\/\/www.sabesa.ch\/de\/taetigkeit-ihr-partner-all-inclusive\/umstellung-von-maschinen-schweiz\/\"]}]},{\"@type\":\"BreadcrumbList\",\"@id\":\"https:\/\/www.sabesa.ch\/de\/taetigkeit-ihr-partner-all-inclusive\/umstellung-von-maschinen-schweiz\/#breadcrumb\",\"itemListElement\":[{\"@type\":\"ListItem\",\"position\":1,\"name\":\"Home\",\"item\":\"https:\/\/www.sabesa.ch\/de\/\"},{\"@type\":\"ListItem\",\"position\":2,\"name\":\"Taetigkeit\",\"item\":\"https:\/\/www.sabesa.ch\/de\/taetigkeit-ihr-partner-all-inclusive\/\"},{\"@type\":\"ListItem\",\"position\":3,\"name\":\"Umstellung von Maschinen\"}]},{\"@type\":\"WebSite\",\"@id\":\"https:\/\/www.sabesa.ch\/#website\",\"url\":\"https:\/\/www.sabesa.ch\/\",\"name\":\"Sabesa SA\",\"description\":\"Trasportiamo soluzioni - trasporti eccezionali Ticino\",\"publisher\":{\"@id\":\"https:\/\/www.sabesa.ch\/#organization\"},\"potentialAction\":[{\"@type\":\"SearchAction\",\"target\":{\"@type\":\"EntryPoint\",\"urlTemplate\":\"https:\/\/www.sabesa.ch\/?s={search_term_string}\"},\"query-input\":\"required name=search_term_string\"}],\"inLanguage\":\"de\"},{\"@type\":\"Organization\",\"@id\":\"https:\/\/www.sabesa.ch\/#organization\",\"name\":\"Sabesa SA\",\"alternateName\":\"Trasporti eccezionali, noleggio autogru e navicelle\",\"url\":\"https:\/\/www.sabesa.ch\/\",\"logo\":{\"@type\":\"ImageObject\",\"inLanguage\":\"de\",\"@id\":\"https:\/\/www.sabesa.ch\/#\/schema\/logo\/image\/\",\"url\":\"https:\/\/www.sabesa.ch\/wp-content\/uploads\/2016\/10\/logo-sabesa-small.png\",\"contentUrl\":\"https:\/\/www.sabesa.ch\/wp-content\/uploads\/2016\/10\/logo-sabesa-small.png\",\"width\":137,\"height\":58,\"caption\":\"Sabesa SA\"},\"image\":{\"@id\":\"https:\/\/www.sabesa.ch\/#\/schema\/logo\/image\/\"},\"sameAs\":[\"https:\/\/www.youtube.com\/channel\/UCq9eXNGI3lx4qvs01rUZAwQ\",\"https:\/\/www.facebook.com\/sabesa.SA\/?fref=ts\"]}]}<\/script>\n<!-- \/ Yoast SEO plugin. -->","yoast_head_json":{"title":"Umstellung von Maschinen | Schweiz | Sabesa SA","description":"Mit Hilfe der Spezialausr\u00fcstung k\u00f6nnen wir Maschinen mit beliebiger Gr\u00f6sse und beliebigem Gewicht sowohl im Innenbereich als auch im Aussenbereich von Geb\u00e4uden umstellen und komplexe Umz\u00fcge durchf\u00fchren. Mit unserem ferngesteuerten Triebwagen k\u00f6nnen wir beispielsweise an Orten Umstellungs- und Hebearbeiten durchf\u00fchren, an denen der Einsatz von Fahrzeugen, wie Kranwagen oder Hubstaplern, nicht m\u00f6glich ist.","robots":{"index":"index","follow":"follow","max-snippet":"max-snippet:-1","max-image-preview":"max-image-preview:large","max-video-preview":"max-video-preview:-1"},"canonical":"https:\/\/www.sabesa.ch\/de\/taetigkeit-ihr-partner-all-inclusive\/umstellung-von-maschinen-schweiz\/","og_locale":"de_DE","og_type":"article","og_title":"Umstellung von Maschinen | Schweiz | Sabesa SA","og_description":"Mit Hilfe der Spezialausr\u00fcstung k\u00f6nnen wir Maschinen mit beliebiger Gr\u00f6sse und beliebigem Gewicht sowohl im Innenbereich als auch im Aussenbereich von Geb\u00e4uden umstellen und komplexe Umz\u00fcge durchf\u00fchren. Mit unserem ferngesteuerten Triebwagen k\u00f6nnen wir beispielsweise an Orten Umstellungs- und Hebearbeiten durchf\u00fchren, an denen der Einsatz von Fahrzeugen, wie Kranwagen oder Hubstaplern, nicht m\u00f6glich ist.","og_url":"https:\/\/www.sabesa.ch\/de\/taetigkeit-ihr-partner-all-inclusive\/umstellung-von-maschinen-schweiz\/","og_site_name":"Sabesa SA","article_publisher":"https:\/\/www.facebook.com\/sabesa.SA\/?fref=ts","article_modified_time":"2022-10-03T13:15:04+00:00","twitter_card":"summary_large_image","twitter_misc":{"Gesch\u00e4tzte Lesezeit":"2\u00a0Minuten"},"schema":{"@context":"https:\/\/schema.org","@graph":[{"@type":"WebPage","@id":"https:\/\/www.sabesa.ch\/de\/taetigkeit-ihr-partner-all-inclusive\/umstellung-von-maschinen-schweiz\/","url":"https:\/\/www.sabesa.ch\/de\/taetigkeit-ihr-partner-all-inclusive\/umstellung-von-maschinen-schweiz\/","name":"Umstellung von Maschinen | Schweiz | Sabesa SA","isPartOf":{"@id":"https:\/\/www.sabesa.ch\/#website"},"datePublished":"2019-10-02T07:45:33+00:00","dateModified":"2022-10-03T13:15:04+00:00","description":"Mit Hilfe der Spezialausr\u00fcstung k\u00f6nnen wir Maschinen mit beliebiger Gr\u00f6sse und beliebigem Gewicht sowohl im Innenbereich als auch im Aussenbereich von Geb\u00e4uden umstellen und komplexe Umz\u00fcge durchf\u00fchren. Mit unserem ferngesteuerten Triebwagen k\u00f6nnen wir beispielsweise an Orten Umstellungs- und Hebearbeiten durchf\u00fchren, an denen der Einsatz von Fahrzeugen, wie Kranwagen oder Hubstaplern, nicht m\u00f6glich ist.","breadcrumb":{"@id":"https:\/\/www.sabesa.ch\/de\/taetigkeit-ihr-partner-all-inclusive\/umstellung-von-maschinen-schweiz\/#breadcrumb"},"inLanguage":"de","potentialAction":[{"@type":"ReadAction","target":["https:\/\/www.sabesa.ch\/de\/taetigkeit-ihr-partner-all-inclusive\/umstellung-von-maschinen-schweiz\/"]}]},{"@type":"BreadcrumbList","@id":"https:\/\/www.sabesa.ch\/de\/taetigkeit-ihr-partner-all-inclusive\/umstellung-von-maschinen-schweiz\/#breadcrumb","itemListElement":[{"@type":"ListItem","position":1,"name":"Home","item":"https:\/\/www.sabesa.ch\/de\/"},{"@type":"ListItem","position":2,"name":"Taetigkeit","item":"https:\/\/www.sabesa.ch\/de\/taetigkeit-ihr-partner-all-inclusive\/"},{"@type":"ListItem","position":3,"name":"Umstellung von Maschinen"}]},{"@type":"WebSite","@id":"https:\/\/www.sabesa.ch\/#website","url":"https:\/\/www.sabesa.ch\/","name":"Sabesa SA","description":"Trasportiamo soluzioni - trasporti eccezionali Ticino","publisher":{"@id":"https:\/\/www.sabesa.ch\/#organization"},"potentialAction":[{"@type":"SearchAction","target":{"@type":"EntryPoint","urlTemplate":"https:\/\/www.sabesa.ch\/?s={search_term_string}"},"query-input":"required name=search_term_string"}],"inLanguage":"de"},{"@type":"Organization","@id":"https:\/\/www.sabesa.ch\/#organization","name":"Sabesa SA","alternateName":"Trasporti eccezionali, noleggio autogru e navicelle","url":"https:\/\/www.sabesa.ch\/","logo":{"@type":"ImageObject","inLanguage":"de","@id":"https:\/\/www.sabesa.ch\/#\/schema\/logo\/image\/","url":"https:\/\/www.sabesa.ch\/wp-content\/uploads\/2016\/10\/logo-sabesa-small.png","contentUrl":"https:\/\/www.sabesa.ch\/wp-content\/uploads\/2016\/10\/logo-sabesa-small.png","width":137,"height":58,"caption":"Sabesa SA"},"image":{"@id":"https:\/\/www.sabesa.ch\/#\/schema\/logo\/image\/"},"sameAs":["https:\/\/www.youtube.com\/channel\/UCq9eXNGI3lx4qvs01rUZAwQ","https:\/\/www.facebook.com\/sabesa.SA\/?fref=ts"]}]}},"_links":{"self":[{"href":"https:\/\/www.sabesa.ch\/de\/wp-json\/wp\/v2\/pages\/8878"}],"collection":[{"href":"https:\/\/www.sabesa.ch\/de\/wp-json\/wp\/v2\/pages"}],"about":[{"href":"https:\/\/www.sabesa.ch\/de\/wp-json\/wp\/v2\/types\/page"}],"author":[{"embeddable":true,"href":"https:\/\/www.sabesa.ch\/de\/wp-json\/wp\/v2\/users\/2"}],"replies":[{"embeddable":true,"href":"https:\/\/www.sabesa.ch\/de\/wp-json\/wp\/v2\/comments?post=8878"}],"version-history":[{"count":1,"href":"https:\/\/www.sabesa.ch\/de\/wp-json\/wp\/v2\/pages\/8878\/revisions"}],"predecessor-version":[{"id":8879,"href":"https:\/\/www.sabesa.ch\/de\/wp-json\/wp\/v2\/pages\/8878\/revisions\/8879"}],"up":[{"embeddable":true,"href":"https:\/\/www.sabesa.ch\/de\/wp-json\/wp\/v2\/pages\/8593"}],"wp:attachment":[{"href":"https:\/\/www.sabesa.ch\/de\/wp-json\/wp\/v2\/media?parent=8878"}],"curies":[{"name":"wp","href":"https:\/\/api.w.org\/{rel}","templated":true}]}}