{"id":8891,"date":"2019-10-02T14:53:21","date_gmt":"2019-10-02T12:53:21","guid":{"rendered":"http:\/\/www.sabesa.ch\/?page_id=8891"},"modified":"2019-10-02T14:53:21","modified_gmt":"2019-10-02T12:53:21","slug":"cookie-policy","status":"publish","type":"page","link":"https:\/\/www.sabesa.ch\/de\/cookie-policy\/","title":{"rendered":"Cookie Policy"},"content":{"rendered":"[vc_row][vc_column][vc_column_text]Diese Website verwendet technische Cookies, um die ordnungsgem\u00e4sse Funktionsweise der Verfahren zu garantieren und die Erfahrung hinsichtlich der Nutzung der Online-Anwendungen zu verbessern. Das vorliegende Dokument liefert Informationen \u00fcber die Verwendung von Cookies und \u00e4hnlichen Technologien sowie \u00fcber die Art und Weise, wie diese von der Website verwendet werden und wie diese verwaltet werden.<\/p>\n<p>&nbsp;<\/p>\n<h2><strong>Definitionen<\/strong><\/h2>\n<p>Cookies sind kleine Textdateien, welche die von den Nutzern besuchten Seiten an deren Endger\u00e4te senden, wo sie gespeichert werden, um dann beim n\u00e4chsten Besuch wieder an diese Seiten \u00fcbermittelt zu werden. Cookies von sog. \u201eDritten\u201c werden dagegen von einer anderen Website als derjenigen gesetzt, welche der Benutzer besucht. Dies liegt daran, dass auf jeder Seite Elemente (Bilder, Karten, Tonspuren, spezielle Links zu Webseiten anderer Dom\u00e4nen etc.) vorhanden sein k\u00f6nnen, die sich auf anderen Servern als dem der besuchten Webseite befinden.<\/p>\n<p>&nbsp;<\/p>\n<h2><strong>Arten von Cookies<\/strong><\/h2>\n<p>Auf der Grundlage der Eigenschaften und der Nutzung der Cookies k\u00f6nnen verschiedene Kategorien unterschieden werden:<\/p>\n<p>&nbsp;<\/p>\n<p>\u2013 Technische Cookies. Bei technischen Cookies handelt es sich um Cookies, die ausschliesslich zum Zweck der \u201eDurchf\u00fchrung der \u00dcbertragung einer Nachricht \u00fcber ein elektronisches Kommunikationsnetz oder insoweit verwendet werden, wie es f\u00fcr den Anbieter eines Dienstes der Informationsgesellschaft unbedingt notwendig ist, den der Teilnehmer oder Benutzer ausdr\u00fccklich zur Erbringung eines solchen Dienstes aufgefordert hat&#8220; (vgl. Art. 122, Abs. 1 des Gesetzes). Sie werden nicht f\u00fcr andere Zwecke verwendet, und sie werden \u00fcblicherweise direkt von dem Inhaber oder Betreiber der Website installiert. Sie k\u00f6nnen in Navigations- und Sitzungs-Cookies unterteilt werden, die die normale Navigation und Nutzung der Website gew\u00e4hrleisten; Analyse-Cookies, die den technischen Cookies gleichgesetzt werden, wenn sie direkt vom Betreiber der Website verwendet werden, um Informationen \u00fcber die Anzahl der Benutzer und die Art und Weise, wie diese die Website besuchen, in aggregierter Form zu erheben; Funktions-Cookies, die dem Benutzer die Navigation auf der Grundlage einer Reihe ausgew\u00e4hlter Kriterien erm\u00f6glichen, um den f\u00fcr diesen erbrachten Dienst zu verbessern. F\u00fcr die Installation dieser Cookies wird nicht die vorherige Zustimmung der Benutzer verlangt, w\u00e4hrend die Pflicht zur Bereitstellung der Informationen gem\u00e4ss Art. 13 des Gesetzes bestehen bleibt, welche der Betreiber der Website mit den Modalit\u00e4ten zur Verf\u00fcgung stellen kann, die er f\u00fcr angemessen erachtet, soweit er ausschliesslich diese Mittel verwendet.<\/p>\n<p>&nbsp;<\/p>\n<p>\u2013 Profiling-Cookies. Profiling-Cookies dienen dazu, Profile bez\u00fcglich der Benutzer zu erstellen, und sie werden verwendet, um Werbebotschaften zu versenden, die den Pr\u00e4ferenzen entsprechen, die der Benutzer im Rahmen der Navigation im Netz zum Ausdruck gebracht hat. Aufgrund der besonderen Invasivit\u00e4t, die diese Mittel im Hinblick auf die Privatsph\u00e4re der Benutzer haben k\u00f6nnen, sehen die europ\u00e4ischen und italienischen Rechtsvorschriften vor, dass der Benutzer ordnungsgem\u00e4ss \u00fcber deren Verwendung informiert werden muss und so eine wirksame Einwilligungserkl\u00e4rung abgeben muss. Darauf bezieht sich Art. 122 des Gesetzes, gem\u00e4ss dem vorgesehen ist, dass \u201edie Speicherung der Informationen auf dem Endger\u00e4t eines Vertragspartners oder eines Benutzers oder der Zugriff auf bereits gespeicherte Informationen ausschliesslich unter der Bedingung gestattet sind, dass der Vertragspartner oder der Benutzer seine Einwilligung erkl\u00e4rt hat, nachdem er im Rahmen der vereinfachten Modalit\u00e4ten gem\u00e4ss Artikel 13, Absatz 3 informiert worden ist\u201c (Art. 122, Absatz 1 des Gesetzes). Diese Seite verwendet keine Profiler-Cookies.<\/p>\n<p>&nbsp;<\/p>\n<h2><strong>Cookies von \u201eDritten\u201d<\/strong><\/h2>\n<p>Beim Besuch dieser Website k\u00f6nnen Sie Cookies erhalten, die von anderen Organisationen (\u201eDritten\u201c) verwaltet werden. Ein Beispiel sind \u201eSocial Plugins\u201c f\u00fcr Facebook, Youtube, Itunes oder Systeme f\u00fcr die Darstellung von embedded (integrierten) Multimedia-Inhalten, wie z.\u00a0B. Youtube oder Flikr. Dabei handelt es sich um direkt von den genannten Seiten generierte Elemente, die in die Webseite der besuchten Website integriert sind, auf der das Plugin installiert ist. Durch diese Plugins werden Cookies von und zu allen Seiten \u00fcbertragen, die von Dritten verwaltet werden. Die Verwaltung der von \u201eDritten\u201c erhobenen Informationen wird in den entsprechenden Datenschutzrichtlinien geregelt, die bitte zu beachten sind. Um gr\u00f6ssere Transparenz und Komfort sicherzustellen, werden im Folgenden die Internetadressen der verschiedenen Datenschutzrichtlinien und der Modalit\u00e4ten f\u00fcr die Verwaltung der Cookies angegeben.<\/p>\n<p>Datenschutzrichtlinie Facebook: <a href=\"https:\/\/www.facebook.com\/policy.php\">https:\/\/www.facebook.com\/policy.php<\/a><\/p>\n<p>Datenschutzrichtlinie Youtube\\Google+: <a href=\"https:\/\/support.google.com\/youtube\/answer\/2801895?hl=it\">https:\/\/support.google.com\/youtube\/answer\/2801895?hl=it<\/a><\/p>\n<p>Datenschutzrichtlinie Itunes: https:\/\/www.apple.com\/legal\/privacy\/it\/<\/p>\n<p>&nbsp;<\/p>\n<h2><strong>Google Analytics<\/strong><\/h2>\n<p>Diese Website enth\u00e4lt auch Komponenten, die von Google Analytics \u00fcbermittelt wurden, einem von Google, Inc. (\u201eGoogle\u201d) zur Verf\u00fcgung gestellten Analysedienst f\u00fcr den Internetdatenverkehr. Diese Cookies werden ausschliesslich zum Zweck der \u00dcberwachung und Verbesserung der Leistungen der Website verwendet. F\u00fcr weitere Informationen wird auf den im Folgenden angegebenen Link verwiesen:<\/p>\n<p><a href=\"https:\/\/www.google.com\/analytics\/terms\/us.html\">https:\/\/www.google.com\/analytics\/terms\/us.html<\/a><\/p>\n<p>Der Benutzer kann die T\u00e4tigkeit von Google Analytics selektiv deaktivieren, indem er die von Google bereitgestellte Opt-Out-Komponente auf seinem Browser installiert. F\u00fcr die Deaktivierung der T\u00e4tigkeit von Google Analytics wird auf den im Folgenden angegebenen Link verwiesen:<\/p>\n<p><a href=\"https:\/\/tools.google.com\/dlpage\/gaoptout\">https:\/\/tools.google.com\/dlpage\/gaoptout<\/a><\/p>\n<p>&nbsp;<\/p>\n<h2><strong>Laufzeit der Cookies<\/strong><\/h2>\n<p>Einige Cookies (Sitzungs-Cookies) bleiben nur so lange aktiv, bis der Browser geschlossen wird oder bis der m\u00f6gliche Logout-Befehl ausgef\u00fchrt worden ist. Andere Cookies \u201e\u00fcberleben\u201c das Schliessen des Browsers und sind auch bei folgenden Besuchen des Benutzers verf\u00fcgbar. Diese Cookies werden persistente Cookies genannt, und ihre Laufzeit wird im Zeitpunkt ihrer Erstellung vom Server festgelegt. In einigen F\u00e4llen wird ein Ablaufdatum festgelegt, in anderen F\u00e4llen ist die Laufzeit unbegrenzt.<\/p>\n<p>&nbsp;<\/p>\n<h2><strong>Verwaltung der Cookies<\/strong><\/h2>\n<p>Der Benutzer kann \u00fcber die Einstellungen seines Browsers entscheiden, ob er Cookies akzeptieren m\u00f6chte oder nicht.<\/p>\n<p>Achtung: Wenn die technischen Cookies ganz oder teilweise deaktiviert werden, kann die optimale Nutzung der Website beeintr\u00e4chtigt werden.<\/p>\n<p>Die Deaktivierung der Cookies von \u201eDritten\u201c f\u00fchrt nicht zu einer Beeintr\u00e4chtigung der Navigationsm\u00f6glichkeiten.<\/p>\n<p>Die Einstellung kann speziell f\u00fcr die verschiedenen Websites und Webanwendungen definiert werden. Zudem erm\u00f6glichen es die Browser, dass f\u00fcr die \u201eeigenen\u201c Cookies und f\u00fcr die Cookies von \u201eDritten\u201c unterschiedliche Einstellungen definiert werden. Beispielsweise besteht bei Firefox \u00fcber das Men\u00fc Instrumente-&gt;Optionen-&gt;Datenschutz die M\u00f6glichkeit auf ein Bedienfeld zuzugreifen, in dem Sie festlegen k\u00f6nnen, ob Sie die verschiedenen Arten von Cookies akzeptieren m\u00f6chten oder nicht und ob Sie diese entfernen m\u00f6chten. Im Internet kann die Dokumentation hinsichtlich der Einstellung der Regeln f\u00fcr die Verwaltung der Cookies f\u00fcr den eigenen Browser leicht abgerufen werden; beispielhaft werden einige Adressen f\u00fcr die wichtigsten Browser angegeben:<\/p>\n<p>&nbsp;<\/p>\n<p>Chrome: <a href=\"https:\/\/support.google.com\/chrome\/answer\/95647?hl=it\">https:\/\/support.google.com\/chrome\/answer\/95647?hl=it<\/a><\/p>\n<p>Firefox: <a href=\"https:\/\/support.mozilla.org\/it\/kb\/Gestione%20dei%20cookie\">https:\/\/support.mozilla.org\/it\/kb\/Gestione%20dei%20cookie<\/a><\/p>\n<p>Internet Explorer: <a href=\"https:\/\/support.microsoft.com\/it-it\/help\/17442\/windows-internet-explorer-delete-manage-cookies\">https:\/\/support.microsoft.com\/it-it\/help\/17442\/windows-internet-explorer-delete-manage-cookies<\/a><\/p>\n<p>Opera: <a href=\"http:\/\/help.opera.com\/Windows\/10.00\/it\/cookies.html\">http:\/\/help.opera.com\/Windows\/10.00\/it\/cookies.html<\/a><\/p>\n<p>Safari: <a href=\"http:\/\/support.apple.com\/kb\/HT1677?viewlocale=it_IT\">http:\/\/support.apple.com\/kb\/HT1677?viewlocale=it_IT<\/a><\/p>\n<p>&nbsp;<\/p>\n<h2><strong>Administrator der Website und f\u00fcr die Verarbeitung Verantwortlicher<\/strong><\/h2>\n<p>F\u00fcr die Website ist die SABESA SA, mit Anschrift in Via Cantonale 107, CH-6595 Riazzino, Tel. 091 859 22 81, E-Mail <a href=\"mailto:info@sabesa.ch\">info@sabesa.ch<\/a> verantwortlich.[\/vc_column_text][\/vc_column][\/vc_row]\n","protected":false},"excerpt":{"rendered":"<p>[vc_row][vc_column][vc_column_text]Diese Website verwendet technische Cookies, um die ordnungsgem\u00e4sse Funktionsweise der Verfahren zu garantieren und die Erfahrung hinsichtlich der Nutzung der Online-Anwendungen zu verbessern. Das vorliegende Dokument liefert Informationen \u00fcber die Verwendung von Cookies und \u00e4hnlichen Technologien sowie \u00fcber die Art und Weise, wie diese von der Website verwendet werden und wie diese verwaltet werden. &nbsp; [&hellip;]<\/p>\n","protected":false},"author":2,"featured_media":0,"parent":0,"menu_order":0,"comment_status":"closed","ping_status":"closed","template":"","meta":[],"yoast_head":"<!-- This site is optimized with the Yoast SEO plugin v19.9 - https:\/\/yoast.com\/wordpress\/plugins\/seo\/ -->\n<title>Cookie Policy | Sabesa SA<\/title>\n<meta name=\"robots\" content=\"index, follow, max-snippet:-1, max-image-preview:large, max-video-preview:-1\" \/>\n<link rel=\"canonical\" href=\"https:\/\/www.sabesa.ch\/de\/cookie-policy\/\" \/>\n<meta property=\"og:locale\" content=\"de_DE\" \/>\n<meta property=\"og:type\" content=\"article\" \/>\n<meta property=\"og:title\" content=\"Cookie Policy | Sabesa SA\" \/>\n<meta property=\"og:description\" content=\"[vc_row][vc_column][vc_column_text]Diese Website verwendet technische Cookies, um die ordnungsgem\u00e4sse Funktionsweise der Verfahren zu garantieren und die Erfahrung hinsichtlich der Nutzung der Online-Anwendungen zu verbessern. Das vorliegende Dokument liefert Informationen \u00fcber die Verwendung von Cookies und \u00e4hnlichen Technologien sowie \u00fcber die Art und Weise, wie diese von der Website verwendet werden und wie diese verwaltet werden. &nbsp; [&hellip;]\" \/>\n<meta property=\"og:url\" content=\"https:\/\/www.sabesa.ch\/de\/cookie-policy\/\" \/>\n<meta property=\"og:site_name\" content=\"Sabesa SA\" \/>\n<meta property=\"article:publisher\" content=\"https:\/\/www.facebook.com\/sabesa.SA\/?fref=ts\" \/>\n<meta name=\"twitter:card\" content=\"summary_large_image\" \/>\n<meta name=\"twitter:label1\" content=\"Gesch\u00e4tzte Lesezeit\" \/>\n\t<meta name=\"twitter:data1\" content=\"6\u00a0Minuten\" \/>\n<script type=\"application\/ld+json\" class=\"yoast-schema-graph\">{\"@context\":\"https:\/\/schema.org\",\"@graph\":[{\"@type\":\"WebPage\",\"@id\":\"https:\/\/www.sabesa.ch\/de\/cookie-policy\/\",\"url\":\"https:\/\/www.sabesa.ch\/de\/cookie-policy\/\",\"name\":\"Cookie Policy | Sabesa SA\",\"isPartOf\":{\"@id\":\"https:\/\/www.sabesa.ch\/#website\"},\"datePublished\":\"2019-10-02T12:53:21+00:00\",\"dateModified\":\"2019-10-02T12:53:21+00:00\",\"breadcrumb\":{\"@id\":\"https:\/\/www.sabesa.ch\/de\/cookie-policy\/#breadcrumb\"},\"inLanguage\":\"de\",\"potentialAction\":[{\"@type\":\"ReadAction\",\"target\":[\"https:\/\/www.sabesa.ch\/de\/cookie-policy\/\"]}]},{\"@type\":\"BreadcrumbList\",\"@id\":\"https:\/\/www.sabesa.ch\/de\/cookie-policy\/#breadcrumb\",\"itemListElement\":[{\"@type\":\"ListItem\",\"position\":1,\"name\":\"Home\",\"item\":\"https:\/\/www.sabesa.ch\/de\/\"},{\"@type\":\"ListItem\",\"position\":2,\"name\":\"Cookie Policy\"}]},{\"@type\":\"WebSite\",\"@id\":\"https:\/\/www.sabesa.ch\/#website\",\"url\":\"https:\/\/www.sabesa.ch\/\",\"name\":\"Sabesa SA\",\"description\":\"Trasportiamo soluzioni - trasporti eccezionali Ticino\",\"publisher\":{\"@id\":\"https:\/\/www.sabesa.ch\/#organization\"},\"potentialAction\":[{\"@type\":\"SearchAction\",\"target\":{\"@type\":\"EntryPoint\",\"urlTemplate\":\"https:\/\/www.sabesa.ch\/?s={search_term_string}\"},\"query-input\":\"required name=search_term_string\"}],\"inLanguage\":\"de\"},{\"@type\":\"Organization\",\"@id\":\"https:\/\/www.sabesa.ch\/#organization\",\"name\":\"Sabesa SA\",\"alternateName\":\"Trasporti eccezionali, noleggio autogru e navicelle\",\"url\":\"https:\/\/www.sabesa.ch\/\",\"logo\":{\"@type\":\"ImageObject\",\"inLanguage\":\"de\",\"@id\":\"https:\/\/www.sabesa.ch\/#\/schema\/logo\/image\/\",\"url\":\"https:\/\/www.sabesa.ch\/wp-content\/uploads\/2016\/10\/logo-sabesa-small.png\",\"contentUrl\":\"https:\/\/www.sabesa.ch\/wp-content\/uploads\/2016\/10\/logo-sabesa-small.png\",\"width\":137,\"height\":58,\"caption\":\"Sabesa SA\"},\"image\":{\"@id\":\"https:\/\/www.sabesa.ch\/#\/schema\/logo\/image\/\"},\"sameAs\":[\"https:\/\/www.youtube.com\/channel\/UCq9eXNGI3lx4qvs01rUZAwQ\",\"https:\/\/www.facebook.com\/sabesa.SA\/?fref=ts\"]}]}<\/script>\n<!-- \/ Yoast SEO plugin. -->","yoast_head_json":{"title":"Cookie Policy | Sabesa SA","robots":{"index":"index","follow":"follow","max-snippet":"max-snippet:-1","max-image-preview":"max-image-preview:large","max-video-preview":"max-video-preview:-1"},"canonical":"https:\/\/www.sabesa.ch\/de\/cookie-policy\/","og_locale":"de_DE","og_type":"article","og_title":"Cookie Policy | Sabesa SA","og_description":"[vc_row][vc_column][vc_column_text]Diese Website verwendet technische Cookies, um die ordnungsgem\u00e4sse Funktionsweise der Verfahren zu garantieren und die Erfahrung hinsichtlich der Nutzung der Online-Anwendungen zu verbessern. Das vorliegende Dokument liefert Informationen \u00fcber die Verwendung von Cookies und \u00e4hnlichen Technologien sowie \u00fcber die Art und Weise, wie diese von der Website verwendet werden und wie diese verwaltet werden. &nbsp; [&hellip;]","og_url":"https:\/\/www.sabesa.ch\/de\/cookie-policy\/","og_site_name":"Sabesa SA","article_publisher":"https:\/\/www.facebook.com\/sabesa.SA\/?fref=ts","twitter_card":"summary_large_image","twitter_misc":{"Gesch\u00e4tzte Lesezeit":"6\u00a0Minuten"},"schema":{"@context":"https:\/\/schema.org","@graph":[{"@type":"WebPage","@id":"https:\/\/www.sabesa.ch\/de\/cookie-policy\/","url":"https:\/\/www.sabesa.ch\/de\/cookie-policy\/","name":"Cookie Policy | Sabesa SA","isPartOf":{"@id":"https:\/\/www.sabesa.ch\/#website"},"datePublished":"2019-10-02T12:53:21+00:00","dateModified":"2019-10-02T12:53:21+00:00","breadcrumb":{"@id":"https:\/\/www.sabesa.ch\/de\/cookie-policy\/#breadcrumb"},"inLanguage":"de","potentialAction":[{"@type":"ReadAction","target":["https:\/\/www.sabesa.ch\/de\/cookie-policy\/"]}]},{"@type":"BreadcrumbList","@id":"https:\/\/www.sabesa.ch\/de\/cookie-policy\/#breadcrumb","itemListElement":[{"@type":"ListItem","position":1,"name":"Home","item":"https:\/\/www.sabesa.ch\/de\/"},{"@type":"ListItem","position":2,"name":"Cookie Policy"}]},{"@type":"WebSite","@id":"https:\/\/www.sabesa.ch\/#website","url":"https:\/\/www.sabesa.ch\/","name":"Sabesa SA","description":"Trasportiamo soluzioni - trasporti eccezionali Ticino","publisher":{"@id":"https:\/\/www.sabesa.ch\/#organization"},"potentialAction":[{"@type":"SearchAction","target":{"@type":"EntryPoint","urlTemplate":"https:\/\/www.sabesa.ch\/?s={search_term_string}"},"query-input":"required name=search_term_string"}],"inLanguage":"de"},{"@type":"Organization","@id":"https:\/\/www.sabesa.ch\/#organization","name":"Sabesa SA","alternateName":"Trasporti eccezionali, noleggio autogru e navicelle","url":"https:\/\/www.sabesa.ch\/","logo":{"@type":"ImageObject","inLanguage":"de","@id":"https:\/\/www.sabesa.ch\/#\/schema\/logo\/image\/","url":"https:\/\/www.sabesa.ch\/wp-content\/uploads\/2016\/10\/logo-sabesa-small.png","contentUrl":"https:\/\/www.sabesa.ch\/wp-content\/uploads\/2016\/10\/logo-sabesa-small.png","width":137,"height":58,"caption":"Sabesa SA"},"image":{"@id":"https:\/\/www.sabesa.ch\/#\/schema\/logo\/image\/"},"sameAs":["https:\/\/www.youtube.com\/channel\/UCq9eXNGI3lx4qvs01rUZAwQ","https:\/\/www.facebook.com\/sabesa.SA\/?fref=ts"]}]}},"_links":{"self":[{"href":"https:\/\/www.sabesa.ch\/de\/wp-json\/wp\/v2\/pages\/8891"}],"collection":[{"href":"https:\/\/www.sabesa.ch\/de\/wp-json\/wp\/v2\/pages"}],"about":[{"href":"https:\/\/www.sabesa.ch\/de\/wp-json\/wp\/v2\/types\/page"}],"author":[{"embeddable":true,"href":"https:\/\/www.sabesa.ch\/de\/wp-json\/wp\/v2\/users\/2"}],"replies":[{"embeddable":true,"href":"https:\/\/www.sabesa.ch\/de\/wp-json\/wp\/v2\/comments?post=8891"}],"version-history":[{"count":2,"href":"https:\/\/www.sabesa.ch\/de\/wp-json\/wp\/v2\/pages\/8891\/revisions"}],"predecessor-version":[{"id":8893,"href":"https:\/\/www.sabesa.ch\/de\/wp-json\/wp\/v2\/pages\/8891\/revisions\/8893"}],"wp:attachment":[{"href":"https:\/\/www.sabesa.ch\/de\/wp-json\/wp\/v2\/media?parent=8891"}],"curies":[{"name":"wp","href":"https:\/\/api.w.org\/{rel}","templated":true}]}}